{"id":44138,"date":"2026-03-06T17:45:44","date_gmt":"2026-03-06T16:45:44","guid":{"rendered":"https:\/\/d-tom.com\/?page_id=44138"},"modified":"2026-03-06T18:28:49","modified_gmt":"2026-03-06T17:28:49","slug":"11-rescue-technology","status":"publish","type":"page","link":"https:\/\/d-tom.com\/en\/11-rescue-technology\/","title":{"rendered":"11 Rescue Technology"},"content":{"rendered":"\t\t<div data-elementor-type=\"wp-page\" data-elementor-id=\"44138\" class=\"elementor elementor-44138\" data-elementor-post-type=\"page\">\n\t\t\t\t<div class=\"elementor-element elementor-element-9d1e22e e-con-full e-flex e-con e-parent\" data-id=\"9d1e22e\" data-element_type=\"container\" data-e-type=\"container\" data-settings=\"{&quot;background_background&quot;:&quot;classic&quot;,&quot;animation&quot;:&quot;none&quot;}\">\n\t\t<div class=\"elementor-element elementor-element-45abde8 pad-l pad-r e-con-full e-flex e-con e-child\" data-id=\"45abde8\" data-element_type=\"container\" data-e-type=\"container\">\n\t\t\t\t<div class=\"elementor-element elementor-element-1999e2f elementor-widget elementor-widget-spacer\" data-id=\"1999e2f\" data-element_type=\"widget\" data-e-type=\"widget\" data-widget_type=\"spacer.default\">\n\t\t\t\t<div class=\"elementor-widget-container\">\n\t\t\t\t\t\t\t<div class=\"elementor-spacer\">\n\t\t\t<div class=\"elementor-spacer-inner\"><\/div>\n\t\t<\/div>\n\t\t\t\t\t\t<\/div>\n\t\t\t\t<\/div>\n\t\t<div class=\"elementor-element elementor-element-77244f3 e-con-full hero-grid e-flex e-con e-child\" data-id=\"77244f3\" data-element_type=\"container\" data-e-type=\"container\">\n\t\t<div class=\"elementor-element elementor-element-df8d754 e-con-full hero-left-top e-flex e-con e-child\" data-id=\"df8d754\" data-element_type=\"container\" data-e-type=\"container\">\n\t\t\t\t<div class=\"elementor-element elementor-element-0b57c84 elementor-widget elementor-widget-heading\" data-id=\"0b57c84\" data-element_type=\"widget\" data-e-type=\"widget\" data-settings=\"{&quot;_animation_mobile&quot;:&quot;none&quot;}\" data-widget_type=\"heading.default\">\n\t\t\t\t<div class=\"elementor-widget-container\">\n\t\t\t\t\t<h2 class=\"elementor-heading-title elementor-size-default\">[d]tom<\/h2>\t\t\t\t<\/div>\n\t\t\t\t<\/div>\n\t\t\t\t<div class=\"elementor-element elementor-element-6d9568f elementor-widget__width-inherit elementor-widget elementor-widget-heading\" data-id=\"6d9568f\" data-element_type=\"widget\" data-e-type=\"widget\" data-settings=\"{&quot;_animation_mobile&quot;:&quot;none&quot;}\" data-widget_type=\"heading.default\">\n\t\t\t\t<div class=\"elementor-widget-container\">\n\t\t\t\t\t<h2 class=\"elementor-heading-title elementor-size-default\">11   Rescue Technology<\/h2>\t\t\t\t<\/div>\n\t\t\t\t<\/div>\n\t\t\t\t<div class=\"elementor-element elementor-element-5f66354 elementor-widget elementor-widget-heading\" data-id=\"5f66354\" data-element_type=\"widget\" data-e-type=\"widget\" data-settings=\"{&quot;_animation_mobile&quot;:&quot;none&quot;}\" data-widget_type=\"heading.default\">\n\t\t\t\t<div class=\"elementor-widget-container\">\n\t\t\t\t\t<h2 class=\"elementor-heading-title elementor-size-default\">LUKAS Hydraulik\n\nFeuerwehr-Rettungsger\u00e4t<\/h2>\t\t\t\t<\/div>\n\t\t\t\t<\/div>\n\t\t\t\t<\/div>\n\t\t<div class=\"elementor-element elementor-element-703628f e-con-full elementor-hidden-tablet elementor-hidden-mobile hero-left-bottom e-flex e-con e-child\" data-id=\"703628f\" data-element_type=\"container\" data-e-type=\"container\">\n\t\t\t\t<div class=\"elementor-element elementor-element-26ca903 elementor-widget__width-initial elementor-hidden-tablet elementor-hidden-mobile elementor-widget elementor-widget-text-editor\" data-id=\"26ca903\" data-element_type=\"widget\" data-e-type=\"widget\" data-widget_type=\"text-editor.default\">\n\t\t\t\t<div class=\"elementor-widget-container\">\n\t\t\t\t\t\t\t\t\t<p data-section-id=\"1r3rms8\" data-start=\"329\" data-end=\"349\"><strong>Ausgangssituation<\/strong><\/p><p data-start=\"351\" data-end=\"552\">Ziel war eine Gestaltung, die Robustheit und Einsatzbereitschaft vermittelt und gleichzeitig eine sichere Handhabung unter extremen Einsatzbedingungen erm\u00f6glicht.<\/p><p data-section-id=\"430v0p\" data-start=\"738\" data-end=\"756\"><strong>Herausforderung<\/strong><\/p><p data-section-id=\"430v0p\" data-start=\"738\" data-end=\"756\">Orientierung bei Dunkelheit, L\u00e4rm und Stress. Unterschiedliche Arbeitssituationen je nach Lage des Unfallfahrzeugs.\u00a0<\/p><p data-section-id=\"430v0p\" data-start=\"738\" data-end=\"756\"><strong>L\u00f6sung<\/strong><\/p><p data-section-id=\"ripkzh\" data-start=\"1447\" data-end=\"1473\">Eine klare Vorw\u00e4rts-Geste. Die Form wirkt wie K\u00f6rpersprache: robust, kompetent und einsatzbereit. Sie spiegelt das Selbstverst\u00e4ndnis der Feuerwehr wider: \u201eWir gehen rein, wo andere rausrennen.\u201c Sichere Handhabung auch bei ung\u00fcnstigen K\u00f6rperhaltungen. Bedienelemente sind taktil differenziert.\u00a0Akku kann blind entriegelt, entnommen und eingesetzt werden.<\/p><p data-section-id=\"1em7xgm\" data-start=\"2658\" data-end=\"2669\"><strong>Ergebnis<\/strong><\/p><p data-start=\"2671\" data-end=\"2873\">Ein Rettungsger\u00e4t mit klarer visueller Haltung und hoher funktionaler Sicherheit. Ergonomie, Orientierung und Formensprache schaffen Vertrauen \u2013 bei Anwendern ebenso wie bei Beschaffungsentscheidern.<\/p>\t\t\t\t\t\t\t\t<\/div>\n\t\t\t\t<\/div>\n\t\t\t\t<\/div>\n\t\t<div class=\"elementor-element elementor-element-3dadbc6 e-con-full hero-img elementor-hidden-tablet elementor-hidden-mobile e-flex e-con e-child\" data-id=\"3dadbc6\" data-element_type=\"container\" data-e-type=\"container\">\n\t\t\t\t<div class=\"elementor-element elementor-element-f3abf73 elementor-widget elementor-widget-image\" data-id=\"f3abf73\" data-element_type=\"widget\" data-e-type=\"widget\" data-widget_type=\"image.default\">\n\t\t\t\t<div class=\"elementor-widget-container\">\n\t\t\t\t\t\t\t\t\t\t\t\t\t\t\t<img loading=\"lazy\" decoding=\"async\" width=\"1024\" height=\"1024\" src=\"https:\/\/d-tom.com\/wp-content\/uploads\/2026\/03\/e924aeb3-10e0-4cd1-b0cb-438e8e49954d.png\" class=\"attachment-full size-full wp-image-44149\" alt=\"\" srcset=\"https:\/\/d-tom.com\/wp-content\/uploads\/2026\/03\/e924aeb3-10e0-4cd1-b0cb-438e8e49954d.png 1024w, https:\/\/d-tom.com\/wp-content\/uploads\/2026\/03\/e924aeb3-10e0-4cd1-b0cb-438e8e49954d-300x300.png 300w, https:\/\/d-tom.com\/wp-content\/uploads\/2026\/03\/e924aeb3-10e0-4cd1-b0cb-438e8e49954d-150x150.png 150w, https:\/\/d-tom.com\/wp-content\/uploads\/2026\/03\/e924aeb3-10e0-4cd1-b0cb-438e8e49954d-768x768.png 768w, https:\/\/d-tom.com\/wp-content\/uploads\/2026\/03\/e924aeb3-10e0-4cd1-b0cb-438e8e49954d-12x12.png 12w\" sizes=\"auto, (max-width: 1024px) 100vw, 1024px\" \/>\t\t\t\t\t\t\t\t\t\t\t\t\t\t\t<\/div>\n\t\t\t\t<\/div>\n\t\t\t\t<\/div>\n\t\t<div class=\"elementor-element elementor-element-a60eb6a e-con-full hero-awards e-flex e-con e-child\" data-id=\"a60eb6a\" data-element_type=\"container\" data-e-type=\"container\">\n\t\t\t\t<\/div>\n\t\t\t\t<\/div>\n\t\t\t\t<div class=\"elementor-element elementor-element-b9e0336 elementor-align-left elementor-mobile-align-left elementor-hidden-tablet elementor-hidden-mobile elementor-widget elementor-widget-button\" data-id=\"b9e0336\" data-element_type=\"widget\" data-e-type=\"widget\" data-widget_type=\"button.default\">\n\t\t\t\t<div class=\"elementor-widget-container\">\n\t\t\t\t\t\t\t\t\t<div class=\"elementor-button-wrapper\">\n\t\t\t\t\t<a class=\"elementor-button elementor-button-link elementor-size-sm\" href=\"\/fallbeispielegrid\/\">\n\t\t\t\t\t\t<span class=\"elementor-button-content-wrapper\">\n\t\t\t\t\t\t\t\t\t<span class=\"elementor-button-text\">Zur\u00fcck<\/span>\n\t\t\t\t\t<\/span>\n\t\t\t\t\t<\/a>\n\t\t\t\t<\/div>\n\t\t\t\t\t\t\t\t<\/div>\n\t\t\t\t<\/div>\n\t\t<div class=\"elementor-element elementor-element-f67217f e-con-full elementor-hidden-desktop e-flex e-con e-child\" data-id=\"f67217f\" data-element_type=\"container\" data-e-type=\"container\">\n\t\t<div class=\"elementor-element elementor-element-910a51e e-con-full e-flex e-con e-child\" data-id=\"910a51e\" data-element_type=\"container\" data-e-type=\"container\">\n\t\t\t\t<div class=\"elementor-element elementor-element-83c3b44 elementor-hidden-desktop elementor-widget elementor-widget-image\" data-id=\"83c3b44\" data-element_type=\"widget\" data-e-type=\"widget\" data-widget_type=\"image.default\">\n\t\t\t\t<div class=\"elementor-widget-container\">\n\t\t\t\t\t\t\t\t\t\t\t\t\t\t\t<img loading=\"lazy\" decoding=\"async\" width=\"768\" height=\"878\" src=\"https:\/\/d-tom.com\/wp-content\/uploads\/2026\/03\/Optaro-XL-001-768x878.jpg\" class=\"attachment-medium_large size-medium_large wp-image-43375\" alt=\"\" srcset=\"https:\/\/d-tom.com\/wp-content\/uploads\/2026\/03\/Optaro-XL-001-768x878.jpg 768w, https:\/\/d-tom.com\/wp-content\/uploads\/2026\/03\/Optaro-XL-001-263x300.jpg 263w, https:\/\/d-tom.com\/wp-content\/uploads\/2026\/03\/Optaro-XL-001-945x1080.jpg 945w, https:\/\/d-tom.com\/wp-content\/uploads\/2026\/03\/Optaro-XL-001-11x12.jpg 11w, https:\/\/d-tom.com\/wp-content\/uploads\/2026\/03\/Optaro-XL-001.jpg 1275w\" sizes=\"auto, (max-width: 768px) 100vw, 768px\" \/>\t\t\t\t\t\t\t\t\t\t\t\t\t\t\t<\/div>\n\t\t\t\t<\/div>\n\t\t\t\t<\/div>\n\t\t\t\t<\/div>\n\t\t\t\t<div class=\"elementor-element elementor-element-f636f77 elementor-widget__width-initial elementor-hidden-desktop elementor-widget elementor-widget-text-editor\" data-id=\"f636f77\" data-element_type=\"widget\" data-e-type=\"widget\" data-widget_type=\"text-editor.default\">\n\t\t\t\t<div class=\"elementor-widget-container\">\n\t\t\t\t\t\t\t\t\t<p><strong>Ausgangssituation<\/strong><\/p><p>Entwicklung eines klappbaren Stand- und Kamerasystems zur Nutzung mit einem Apple iPad. Das iPad fungiert als Anzeige- und Bedieneinheit, w\u00e4hrend die integrierte Kamera im Standfu\u00df Vergr\u00f6\u00dferung und Bild\u00fcbertragung \u00fcbernimmt.<\/p><p><strong>Herausforderung<\/strong><br \/>Gro\u00dfe Auflagefl\u00e4che bei gleichzeitig kompakter Faltgeometrie, variable iPad-H\u00fcllen-Abmessungen, Gew\u00e4hrleistung der vollen Funktionalit\u00e4t des iPads, hohe Anforderungen an Stabilit\u00e4t beim Lesen und Schreiben, Zielgruppe mit eingeschr\u00e4nkter Sehf\u00e4higkeit und geringer Technikaffinit\u00e4t.<\/p><p><strong>L\u00f6sung<\/strong><br \/>Radikale Vereinfachung der Grundkonstruktion, Entwicklung einer klar gef\u00fchrten Klapparchitektur, definierte Auflage- und Fixierungspunkte f\u00fcr das iPad, hohe Standfestigkeit im aufgeklappten Zustand, fl\u00e4chig, formb\u00fcndig und transportgerecht schlie\u00dfbar, freier Arbeitsraum unter dem Ger\u00e4t f\u00fcr handschriftliche T\u00e4tigkeiten.<\/p><p><strong>Ergebnis<\/strong><\/p><p>Ein strukturell klar geordnetes und attraktives Assistenzsystem, das ein handels\u00fcbliches iPad in ein vollwertiges Leseger\u00e4t transformiert.\u00a0Mobil einsetzbar \u2013 station\u00e4r belastbar \u2013 intuitiv verst\u00e4ndlich.<\/p>\t\t\t\t\t\t\t\t<\/div>\n\t\t\t\t<\/div>\n\t\t\t\t<div class=\"elementor-element elementor-element-5aab0b9 elementor-align-left elementor-mobile-align-left elementor-hidden-desktop elementor-widget elementor-widget-button\" data-id=\"5aab0b9\" data-element_type=\"widget\" data-e-type=\"widget\" data-widget_type=\"button.default\">\n\t\t\t\t<div class=\"elementor-widget-container\">\n\t\t\t\t\t\t\t\t\t<div class=\"elementor-button-wrapper\">\n\t\t\t\t\t<a class=\"elementor-button elementor-button-link elementor-size-sm\" href=\"\/fallbeispielegrid\/\">\n\t\t\t\t\t\t<span class=\"elementor-button-content-wrapper\">\n\t\t\t\t\t\t\t\t\t<span class=\"elementor-button-text\">Zur\u00fcck<\/span>\n\t\t\t\t\t<\/span>\n\t\t\t\t\t<\/a>\n\t\t\t\t<\/div>\n\t\t\t\t\t\t\t\t<\/div>\n\t\t\t\t<\/div>\n\t\t\t\t<div class=\"elementor-element elementor-element-eff1bcc elementor-hidden-desktop elementor-widget elementor-widget-spacer\" data-id=\"eff1bcc\" data-element_type=\"widget\" data-e-type=\"widget\" data-widget_type=\"spacer.default\">\n\t\t\t\t<div class=\"elementor-widget-container\">\n\t\t\t\t\t\t\t<div class=\"elementor-spacer\">\n\t\t\t<div class=\"elementor-spacer-inner\"><\/div>\n\t\t<\/div>\n\t\t\t\t\t\t<\/div>\n\t\t\t\t<\/div>\n\t\t\t\t<div class=\"elementor-element elementor-element-e40a48b elementor-widget elementor-widget-spacer\" data-id=\"e40a48b\" data-element_type=\"widget\" data-e-type=\"widget\" data-widget_type=\"spacer.default\">\n\t\t\t\t<div class=\"elementor-widget-container\">\n\t\t\t\t\t\t\t<div class=\"elementor-spacer\">\n\t\t\t<div class=\"elementor-spacer-inner\"><\/div>\n\t\t<\/div>\n\t\t\t\t\t\t<\/div>\n\t\t\t\t<\/div>\n\t\t\t\t<\/div>\n\t\t\t\t<\/div>\n\t\t\t\t<\/div>\n\t\t","protected":false},"excerpt":{"rendered":"<p>[d]tom 11 Rescue Technology LUKAS Hydraulik Feuerwehr-Rettungsger\u00e4t Ausgangssituation Ziel war eine Gestaltung, die Robustheit und Einsatzbereitschaft vermittelt und gleichzeitig eine sichere Handhabung unter extremen Einsatzbedingungen erm\u00f6glicht. Herausforderung Orientierung bei Dunkelheit, L\u00e4rm und Stress. Unterschiedliche Arbeitssituationen je nach Lage des Unfallfahrzeugs.\u00a0 L\u00f6sung Eine klare Vorw\u00e4rts-Geste. Die Form wirkt wie K\u00f6rpersprache: robust, kompetent und einsatzbereit. Sie spiegelt [&hellip;]<\/p>\n","protected":false},"author":1,"featured_media":44149,"parent":0,"menu_order":0,"comment_status":"closed","ping_status":"closed","template":"elementor_header_footer","meta":{"footnotes":""},"class_list":["post-44138","page","type-page","status-publish","has-post-thumbnail","hentry"],"_links":{"self":[{"href":"https:\/\/d-tom.com\/en\/wp-json\/wp\/v2\/pages\/44138","targetHints":{"allow":["GET"]}}],"collection":[{"href":"https:\/\/d-tom.com\/en\/wp-json\/wp\/v2\/pages"}],"about":[{"href":"https:\/\/d-tom.com\/en\/wp-json\/wp\/v2\/types\/page"}],"author":[{"embeddable":true,"href":"https:\/\/d-tom.com\/en\/wp-json\/wp\/v2\/users\/1"}],"replies":[{"embeddable":true,"href":"https:\/\/d-tom.com\/en\/wp-json\/wp\/v2\/comments?post=44138"}],"version-history":[{"count":0,"href":"https:\/\/d-tom.com\/en\/wp-json\/wp\/v2\/pages\/44138\/revisions"}],"wp:featuredmedia":[{"embeddable":true,"href":"https:\/\/d-tom.com\/en\/wp-json\/wp\/v2\/media\/44149"}],"wp:attachment":[{"href":"https:\/\/d-tom.com\/en\/wp-json\/wp\/v2\/media?parent=44138"}],"curies":[{"name":"wp","href":"https:\/\/api.w.org\/{rel}","templated":true}]}}