{"id":43651,"date":"2026-03-04T13:59:33","date_gmt":"2026-03-04T12:59:33","guid":{"rendered":"https:\/\/d-tom.com\/?page_id=43651"},"modified":"2026-03-29T10:22:20","modified_gmt":"2026-03-29T09:22:20","slug":"10-industrial-tools","status":"publish","type":"page","link":"https:\/\/d-tom.com\/en\/10-industrial-tools\/","title":{"rendered":"10 Industrial Tools"},"content":{"rendered":"\t\t<div data-elementor-type=\"wp-page\" data-elementor-id=\"43651\" class=\"elementor elementor-43651\" data-elementor-post-type=\"page\">\n\t\t\t\t<div class=\"elementor-element elementor-element-259ffdd e-con-full elementor-hidden-tablet elementor-hidden-mobile e-flex e-con e-parent\" data-id=\"259ffdd\" data-element_type=\"container\" data-e-type=\"container\" data-settings=\"{&quot;background_background&quot;:&quot;classic&quot;,&quot;animation&quot;:&quot;none&quot;}\">\n\t\t<div class=\"elementor-element elementor-element-245f2ea e-con-full e-flex e-con e-child\" data-id=\"245f2ea\" data-element_type=\"container\" data-e-type=\"container\">\n\t\t<div class=\"elementor-element elementor-element-0dfdf36 e-con-full e-flex e-con e-child\" data-id=\"0dfdf36\" data-element_type=\"container\" data-e-type=\"container\">\n\t\t<div class=\"elementor-element elementor-element-98cfc0a e-con-full hero-left-top e-flex e-con e-child\" data-id=\"98cfc0a\" data-element_type=\"container\" data-e-type=\"container\">\n\t\t\t\t<div class=\"elementor-element elementor-element-c6597b6 elementor-widget elementor-widget-heading\" data-id=\"c6597b6\" data-element_type=\"widget\" data-e-type=\"widget\" data-settings=\"{&quot;_animation_mobile&quot;:&quot;none&quot;}\" data-widget_type=\"heading.default\">\n\t\t\t\t<div class=\"elementor-widget-container\">\n\t\t\t\t\t<h2 class=\"elementor-heading-title elementor-size-default\"><strong>[d]tom<\/strong> Industrial Design<\/h2>\t\t\t\t<\/div>\n\t\t\t\t<\/div>\n\t\t\t\t<div class=\"elementor-element elementor-element-5b4d2b3 elementor-widget__width-inherit elementor-widget elementor-widget-heading\" data-id=\"5b4d2b3\" data-element_type=\"widget\" data-e-type=\"widget\" data-settings=\"{&quot;_animation_mobile&quot;:&quot;none&quot;}\" data-widget_type=\"heading.default\">\n\t\t\t\t<div class=\"elementor-widget-container\">\n\t\t\t\t\t<h2 class=\"elementor-heading-title elementor-size-default\">10   Industrial Tools<\/h2>\t\t\t\t<\/div>\n\t\t\t\t<\/div>\n\t\t\t\t<div class=\"elementor-element elementor-element-ef237e3 elementor-widget elementor-widget-spacer\" data-id=\"ef237e3\" data-element_type=\"widget\" data-e-type=\"widget\" data-widget_type=\"spacer.default\">\n\t\t\t\t<div class=\"elementor-widget-container\">\n\t\t\t\t\t\t\t<div class=\"elementor-spacer\">\n\t\t\t<div class=\"elementor-spacer-inner\"><\/div>\n\t\t<\/div>\n\t\t\t\t\t\t<\/div>\n\t\t\t\t<\/div>\n\t\t\t\t<div class=\"elementor-element elementor-element-baaac54 elementor-widget-divider--view-line elementor-widget elementor-widget-divider\" data-id=\"baaac54\" data-element_type=\"widget\" data-e-type=\"widget\" data-widget_type=\"divider.default\">\n\t\t\t\t<div class=\"elementor-widget-container\">\n\t\t\t\t\t\t\t<div class=\"elementor-divider\">\n\t\t\t<span class=\"elementor-divider-separator\">\n\t\t\t\t\t\t<\/span>\n\t\t<\/div>\n\t\t\t\t\t\t<\/div>\n\t\t\t\t<\/div>\n\t\t\t\t<div class=\"elementor-element elementor-element-583eb03 elementor-hidden-tablet elementor-hidden-mobile elementor-widget elementor-widget-heading\" data-id=\"583eb03\" data-element_type=\"widget\" data-e-type=\"widget\" data-settings=\"{&quot;_animation_mobile&quot;:&quot;none&quot;}\" data-widget_type=\"heading.default\">\n\t\t\t\t<div class=\"elementor-widget-container\">\n\t\t\t\t\t<h2 class=\"elementor-heading-title elementor-size-default\">RIEGLER \u2013 Ergonomische Hochdruck-Blaspistole.<\/h2>\t\t\t\t<\/div>\n\t\t\t\t<\/div>\n\t\t\t\t<div class=\"elementor-element elementor-element-69f2105 elementor-widget elementor-widget-spacer\" data-id=\"69f2105\" data-element_type=\"widget\" data-e-type=\"widget\" data-widget_type=\"spacer.default\">\n\t\t\t\t<div class=\"elementor-widget-container\">\n\t\t\t\t\t\t\t<div class=\"elementor-spacer\">\n\t\t\t<div class=\"elementor-spacer-inner\"><\/div>\n\t\t<\/div>\n\t\t\t\t\t\t<\/div>\n\t\t\t\t<\/div>\n\t\t\t\t<div class=\"elementor-element elementor-element-affb68e elementor-hidden-tablet elementor-hidden-mobile elementor-widget elementor-widget-heading\" data-id=\"affb68e\" data-element_type=\"widget\" data-e-type=\"widget\" data-settings=\"{&quot;_animation_mobile&quot;:&quot;none&quot;}\" data-widget_type=\"heading.default\">\n\t\t\t\t<div class=\"elementor-widget-container\">\n\t\t\t\t\t<h2 class=\"elementor-heading-title elementor-size-default\">Ein robustes Industriewerkzeug, das hohe Druckanforderungen mit ergonomischer Pr\u00e4zision und konstruktiver Integrit\u00e4t verbindet.\n\n<\/h2>\t\t\t\t<\/div>\n\t\t\t\t<\/div>\n\t\t\t\t<div class=\"elementor-element elementor-element-74f3420 elementor-widget elementor-widget-spacer\" data-id=\"74f3420\" data-element_type=\"widget\" data-e-type=\"widget\" data-widget_type=\"spacer.default\">\n\t\t\t\t<div class=\"elementor-widget-container\">\n\t\t\t\t\t\t\t<div class=\"elementor-spacer\">\n\t\t\t<div class=\"elementor-spacer-inner\"><\/div>\n\t\t<\/div>\n\t\t\t\t\t\t<\/div>\n\t\t\t\t<\/div>\n\t\t\t\t<div class=\"elementor-element elementor-element-5280d7c elementor-widget elementor-widget-text-editor\" data-id=\"5280d7c\" data-element_type=\"widget\" data-e-type=\"widget\" data-widget_type=\"text-editor.default\">\n\t\t\t\t<div class=\"elementor-widget-container\">\n\t\t\t\t\t\t\t\t\t<p data-start=\"9886\" data-end=\"10131\"><span style=\"text-decoration: underline;\"><strong data-start=\"9886\" data-end=\"9905\">Herausforderung<\/strong><\/span><br data-start=\"9905\" data-end=\"9908\" \/>Hohe Druckbelastungen, dauerhafte Dichtheit, industrielle Dauerbeanspruchung und enge konstruktive Restriktionen im Spritzguss. Gleichzeitig musste eine ergonomisch \u00fcberzeugende Handhabung f\u00fcr wiederholte Nutzung entstehen.<\/p><p data-start=\"10133\" data-end=\"10457\"><span style=\"text-decoration: underline;\"><strong data-start=\"10133\" data-end=\"10147\">Gestaltung<\/strong><\/span><br data-start=\"10147\" data-end=\"10150\" \/>Entwicklung eines einteiligen, massiven Geh\u00e4uses zur Vermeidung von Undichtigkeiten an verschraubten Geh\u00e4useh\u00e4lften. Griffgeometrie, D\u00fcsenwinkel und Aufh\u00e4ngelogik wurden unter strenger Ber\u00fccksichtigung konstruktiver Notwendigkeiten so ausgelegt, dass ergonomische Qualit\u00e4t trotz technischer Zw\u00e4nge entsteht.<\/p><p data-start=\"10133\" data-end=\"10457\"><span style=\"text-decoration: underline;\"><strong data-start=\"2891\" data-end=\"2902\">Wirkung<\/strong><\/span><br data-start=\"2902\" data-end=\"2905\" \/>Ein belastbares Industriewerkzeug mit klar sp\u00fcrbarer ergonomischer und konstruktiver Qualit\u00e4t. Die Gestaltung differenziert das Produkt im Markt durch technische Glaubw\u00fcrdigkeit, robuste Auslegung und pr\u00e4zise Handhabung.<\/p>\t\t\t\t\t\t\t\t<\/div>\n\t\t\t\t<\/div>\n\t\t\t\t<div class=\"elementor-element elementor-element-ddf78a8 elementor-widget elementor-widget-spacer\" data-id=\"ddf78a8\" data-element_type=\"widget\" data-e-type=\"widget\" data-widget_type=\"spacer.default\">\n\t\t\t\t<div class=\"elementor-widget-container\">\n\t\t\t\t\t\t\t<div class=\"elementor-spacer\">\n\t\t\t<div class=\"elementor-spacer-inner\"><\/div>\n\t\t<\/div>\n\t\t\t\t\t\t<\/div>\n\t\t\t\t<\/div>\n\t\t\t\t<\/div>\n\t\t<div class=\"elementor-element elementor-element-5ef08fb e-con-full elementor-hidden-tablet elementor-hidden-mobile hero-left-bottom e-flex e-con e-child\" data-id=\"5ef08fb\" data-element_type=\"container\" data-e-type=\"container\">\n\t\t\t\t<div class=\"elementor-element elementor-element-b576d54 elementor-widget-mobile__width-initial elementor-widget elementor-widget-button\" data-id=\"b576d54\" data-element_type=\"widget\" data-e-type=\"widget\" data-widget_type=\"button.default\">\n\t\t\t\t<div class=\"elementor-widget-container\">\n\t\t\t\t\t\t\t\t\t<div class=\"elementor-button-wrapper\">\n\t\t\t\t\t<a class=\"elementor-button elementor-button-link elementor-size-sm\" href=\"\/fallbeispielegrid\/\">\n\t\t\t\t\t\t<span class=\"elementor-button-content-wrapper\">\n\t\t\t\t\t\t\t\t\t<span class=\"elementor-button-text\">Zur\u00fcck<\/span>\n\t\t\t\t\t<\/span>\n\t\t\t\t\t<\/a>\n\t\t\t\t<\/div>\n\t\t\t\t\t\t\t\t<\/div>\n\t\t\t\t<\/div>\n\t\t\t\t<\/div>\n\t\t\t\t<div class=\"elementor-element elementor-element-77c95e9 elementor-widget elementor-widget-spacer\" data-id=\"77c95e9\" data-element_type=\"widget\" data-e-type=\"widget\" data-widget_type=\"spacer.default\">\n\t\t\t\t<div class=\"elementor-widget-container\">\n\t\t\t\t\t\t\t<div class=\"elementor-spacer\">\n\t\t\t<div class=\"elementor-spacer-inner\"><\/div>\n\t\t<\/div>\n\t\t\t\t\t\t<\/div>\n\t\t\t\t<\/div>\n\t\t\t\t<\/div>\n\t\t<div class=\"elementor-element elementor-element-228db19 e-con-full e-flex e-con e-child\" data-id=\"228db19\" data-element_type=\"container\" data-e-type=\"container\" data-settings=\"{&quot;background_background&quot;:&quot;classic&quot;}\">\n\t\t\t\t<\/div>\n\t\t\t\t<\/div>\n\t\t\t\t<\/div>\n\t\t<div class=\"elementor-element elementor-element-f75a14b e-con-full elementor-hidden-desktop e-flex e-con e-parent\" data-id=\"f75a14b\" data-element_type=\"container\" data-e-type=\"container\" data-settings=\"{&quot;background_background&quot;:&quot;classic&quot;,&quot;animation&quot;:&quot;none&quot;}\">\n\t\t<div class=\"elementor-element elementor-element-c302ddc e-con-full e-flex e-con e-child\" data-id=\"c302ddc\" data-element_type=\"container\" data-e-type=\"container\">\n\t\t<div class=\"elementor-element elementor-element-ae6f52b e-con-full e-flex e-con e-child\" data-id=\"ae6f52b\" data-element_type=\"container\" data-e-type=\"container\">\n\t\t<div class=\"elementor-element elementor-element-829f5f3 e-con-full hero-left-top e-flex e-con e-child\" data-id=\"829f5f3\" data-element_type=\"container\" data-e-type=\"container\">\n\t\t\t\t<div class=\"elementor-element elementor-element-7542017 elementor-widget elementor-widget-heading\" data-id=\"7542017\" data-element_type=\"widget\" data-e-type=\"widget\" data-settings=\"{&quot;_animation_mobile&quot;:&quot;none&quot;}\" data-widget_type=\"heading.default\">\n\t\t\t\t<div class=\"elementor-widget-container\">\n\t\t\t\t\t<h2 class=\"elementor-heading-title elementor-size-default\"><strong>[d]tom<\/strong> Industrial Design<\/h2>\t\t\t\t<\/div>\n\t\t\t\t<\/div>\n\t\t\t\t<div class=\"elementor-element elementor-element-8e8ff30 elementor-widget__width-inherit elementor-widget elementor-widget-heading\" data-id=\"8e8ff30\" data-element_type=\"widget\" data-e-type=\"widget\" data-settings=\"{&quot;_animation_mobile&quot;:&quot;none&quot;}\" data-widget_type=\"heading.default\">\n\t\t\t\t<div class=\"elementor-widget-container\">\n\t\t\t\t\t<h2 class=\"elementor-heading-title elementor-size-default\">10   Industrial Tool<\/h2>\t\t\t\t<\/div>\n\t\t\t\t<\/div>\n\t\t\t\t<div class=\"elementor-element elementor-element-5fc9c06 elementor-hidden-tablet elementor-hidden-mobile elementor-widget elementor-widget-spacer\" data-id=\"5fc9c06\" data-element_type=\"widget\" data-e-type=\"widget\" data-widget_type=\"spacer.default\">\n\t\t\t\t<div class=\"elementor-widget-container\">\n\t\t\t\t\t\t\t<div class=\"elementor-spacer\">\n\t\t\t<div class=\"elementor-spacer-inner\"><\/div>\n\t\t<\/div>\n\t\t\t\t\t\t<\/div>\n\t\t\t\t<\/div>\n\t\t\t\t<div class=\"elementor-element elementor-element-8ccc0dc elementor-hidden-desktop elementor-widget elementor-widget-spacer\" data-id=\"8ccc0dc\" data-element_type=\"widget\" data-e-type=\"widget\" data-widget_type=\"spacer.default\">\n\t\t\t\t<div class=\"elementor-widget-container\">\n\t\t\t\t\t\t\t<div class=\"elementor-spacer\">\n\t\t\t<div class=\"elementor-spacer-inner\"><\/div>\n\t\t<\/div>\n\t\t\t\t\t\t<\/div>\n\t\t\t\t<\/div>\n\t\t\t\t<div class=\"elementor-element elementor-element-e420d14 elementor-hidden-desktop elementor-widget elementor-widget-heading\" data-id=\"e420d14\" data-element_type=\"widget\" data-e-type=\"widget\" data-settings=\"{&quot;_animation_mobile&quot;:&quot;none&quot;}\" data-widget_type=\"heading.default\">\n\t\t\t\t<div class=\"elementor-widget-container\">\n\t\t\t\t\t<h2 class=\"elementor-heading-title elementor-size-default\">RIEGLER \u2013 Ergonomische Hochdruck-Blaspistole.<\/h2>\t\t\t\t<\/div>\n\t\t\t\t<\/div>\n\t\t\t\t<div class=\"elementor-element elementor-element-bbecd66 elementor-hidden-desktop elementor-widget-divider--view-line elementor-widget elementor-widget-divider\" data-id=\"bbecd66\" data-element_type=\"widget\" data-e-type=\"widget\" data-widget_type=\"divider.default\">\n\t\t\t\t<div class=\"elementor-widget-container\">\n\t\t\t\t\t\t\t<div class=\"elementor-divider\">\n\t\t\t<span class=\"elementor-divider-separator\">\n\t\t\t\t\t\t<\/span>\n\t\t<\/div>\n\t\t\t\t\t\t<\/div>\n\t\t\t\t<\/div>\n\t\t\t\t<div class=\"elementor-element elementor-element-3af26f4 elementor-widget elementor-widget-spacer\" data-id=\"3af26f4\" data-element_type=\"widget\" data-e-type=\"widget\" data-widget_type=\"spacer.default\">\n\t\t\t\t<div class=\"elementor-widget-container\">\n\t\t\t\t\t\t\t<div class=\"elementor-spacer\">\n\t\t\t<div class=\"elementor-spacer-inner\"><\/div>\n\t\t<\/div>\n\t\t\t\t\t\t<\/div>\n\t\t\t\t<\/div>\n\t\t\t\t<div class=\"elementor-element elementor-element-4e74fd3 elementor-widget elementor-widget-image\" data-id=\"4e74fd3\" data-element_type=\"widget\" data-e-type=\"widget\" data-widget_type=\"image.default\">\n\t\t\t\t<div class=\"elementor-widget-container\">\n\t\t\t\t\t\t\t\t\t\t\t\t\t\t\t<img loading=\"lazy\" decoding=\"async\" width=\"768\" height=\"948\" src=\"https:\/\/d-tom.com\/wp-content\/uploads\/2026\/03\/Riegler-011-768x948.jpg\" class=\"attachment-medium_large size-medium_large wp-image-43446\" alt=\"\" srcset=\"https:\/\/d-tom.com\/wp-content\/uploads\/2026\/03\/Riegler-011-768x948.jpg 768w, https:\/\/d-tom.com\/wp-content\/uploads\/2026\/03\/Riegler-011-243x300.jpg 243w, https:\/\/d-tom.com\/wp-content\/uploads\/2026\/03\/Riegler-011-875x1080.jpg 875w, https:\/\/d-tom.com\/wp-content\/uploads\/2026\/03\/Riegler-011-1245x1536.jpg 1245w, https:\/\/d-tom.com\/wp-content\/uploads\/2026\/03\/Riegler-011-1660x2048.jpg 1660w, https:\/\/d-tom.com\/wp-content\/uploads\/2026\/03\/Riegler-011-10x12.jpg 10w\" sizes=\"auto, (max-width: 768px) 100vw, 768px\" \/>\t\t\t\t\t\t\t\t\t\t\t\t\t\t\t<\/div>\n\t\t\t\t<\/div>\n\t\t\t\t<div class=\"elementor-element elementor-element-af08404 elementor-widget elementor-widget-spacer\" data-id=\"af08404\" data-element_type=\"widget\" data-e-type=\"widget\" data-widget_type=\"spacer.default\">\n\t\t\t\t<div class=\"elementor-widget-container\">\n\t\t\t\t\t\t\t<div class=\"elementor-spacer\">\n\t\t\t<div class=\"elementor-spacer-inner\"><\/div>\n\t\t<\/div>\n\t\t\t\t\t\t<\/div>\n\t\t\t\t<\/div>\n\t\t\t\t<div class=\"elementor-element elementor-element-c56e9e8 elementor-widget elementor-widget-text-editor\" data-id=\"c56e9e8\" data-element_type=\"widget\" data-e-type=\"widget\" data-widget_type=\"text-editor.default\">\n\t\t\t\t<div class=\"elementor-widget-container\">\n\t\t\t\t\t\t\t\t\t<p>Ein robustes Industriewerkzeug, das hohe Druckanforderungen mit ergonomischer Pr\u00e4zision und konstruktiver Integrit\u00e4t verbindet.<\/p>\t\t\t\t\t\t\t\t<\/div>\n\t\t\t\t<\/div>\n\t\t\t\t<div class=\"elementor-element elementor-element-e71da15 elementor-widget elementor-widget-spacer\" data-id=\"e71da15\" data-element_type=\"widget\" data-e-type=\"widget\" data-widget_type=\"spacer.default\">\n\t\t\t\t<div class=\"elementor-widget-container\">\n\t\t\t\t\t\t\t<div class=\"elementor-spacer\">\n\t\t\t<div class=\"elementor-spacer-inner\"><\/div>\n\t\t<\/div>\n\t\t\t\t\t\t<\/div>\n\t\t\t\t<\/div>\n\t\t\t\t<div class=\"elementor-element elementor-element-caf29a2 elementor-widget elementor-widget-text-editor\" data-id=\"caf29a2\" data-element_type=\"widget\" data-e-type=\"widget\" data-widget_type=\"text-editor.default\">\n\t\t\t\t<div class=\"elementor-widget-container\">\n\t\t\t\t\t\t\t\t\t<p data-start=\"9886\" data-end=\"10131\"><span style=\"text-decoration: underline;\"><strong data-start=\"9886\" data-end=\"9905\">Herausforderung<\/strong><\/span><br data-start=\"9905\" data-end=\"9908\" \/>Hohe Druckbelastungen, dauerhafte Dichtheit, industrielle Dauerbeanspruchung und enge konstruktive Restriktionen im Spritzguss. Gleichzeitig musste eine ergonomisch \u00fcberzeugende Handhabung f\u00fcr wiederholte Nutzung entstehen.<\/p><p data-start=\"10133\" data-end=\"10457\"><span style=\"text-decoration: underline;\"><strong data-start=\"10133\" data-end=\"10147\">Gestaltung<\/strong><\/span><br data-start=\"10147\" data-end=\"10150\" \/>Entwicklung eines einteiligen, massiven Geh\u00e4uses zur Vermeidung von Undichtigkeiten an verschraubten Geh\u00e4useh\u00e4lften. Griffgeometrie, D\u00fcsenwinkel und Aufh\u00e4ngelogik wurden unter strenger Ber\u00fccksichtigung konstruktiver Notwendigkeiten so ausgelegt, dass ergonomische Qualit\u00e4t trotz technischer Zw\u00e4nge entsteht.<\/p><p data-start=\"10133\" data-end=\"10457\"><span style=\"text-decoration: underline;\"><strong data-start=\"2891\" data-end=\"2902\">Wirkung<\/strong><\/span><br data-start=\"2902\" data-end=\"2905\" \/>Ein belastbares Industriewerkzeug mit klar sp\u00fcrbarer ergonomischer und konstruktiver Qualit\u00e4t. Die Gestaltung differenziert das Produkt im Markt durch technische Glaubw\u00fcrdigkeit, robuste Auslegung und pr\u00e4zise Handhabung.<\/p>\t\t\t\t\t\t\t\t<\/div>\n\t\t\t\t<\/div>\n\t\t\t\t<div class=\"elementor-element elementor-element-1580a2e elementor-widget elementor-widget-spacer\" data-id=\"1580a2e\" data-element_type=\"widget\" data-e-type=\"widget\" data-widget_type=\"spacer.default\">\n\t\t\t\t<div class=\"elementor-widget-container\">\n\t\t\t\t\t\t\t<div class=\"elementor-spacer\">\n\t\t\t<div class=\"elementor-spacer-inner\"><\/div>\n\t\t<\/div>\n\t\t\t\t\t\t<\/div>\n\t\t\t\t<\/div>\n\t\t\t\t<div class=\"elementor-element elementor-element-3c457d0 elementor-widget elementor-widget-spacer\" data-id=\"3c457d0\" data-element_type=\"widget\" data-e-type=\"widget\" data-widget_type=\"spacer.default\">\n\t\t\t\t<div class=\"elementor-widget-container\">\n\t\t\t\t\t\t\t<div class=\"elementor-spacer\">\n\t\t\t<div class=\"elementor-spacer-inner\"><\/div>\n\t\t<\/div>\n\t\t\t\t\t\t<\/div>\n\t\t\t\t<\/div>\n\t\t\t\t<\/div>\n\t\t\t\t<div class=\"elementor-element elementor-element-2a153ad elementor-widget elementor-widget-spacer\" data-id=\"2a153ad\" data-element_type=\"widget\" data-e-type=\"widget\" data-widget_type=\"spacer.default\">\n\t\t\t\t<div class=\"elementor-widget-container\">\n\t\t\t\t\t\t\t<div class=\"elementor-spacer\">\n\t\t\t<div class=\"elementor-spacer-inner\"><\/div>\n\t\t<\/div>\n\t\t\t\t\t\t<\/div>\n\t\t\t\t<\/div>\n\t\t<div class=\"elementor-element elementor-element-64533e1 e-con-full elementor-hidden-desktop e-flex e-con e-child\" data-id=\"64533e1\" data-element_type=\"container\" data-e-type=\"container\">\n\t\t\t\t<div class=\"elementor-element elementor-element-a43f233 elementor-widget-mobile__width-initial elementor-widget elementor-widget-button\" data-id=\"a43f233\" data-element_type=\"widget\" data-e-type=\"widget\" data-widget_type=\"button.default\">\n\t\t\t\t<div class=\"elementor-widget-container\">\n\t\t\t\t\t\t\t\t\t<div class=\"elementor-button-wrapper\">\n\t\t\t\t\t<a class=\"elementor-button elementor-button-link elementor-size-sm\" href=\"\/fallbeispielegrid\/\">\n\t\t\t\t\t\t<span class=\"elementor-button-content-wrapper\">\n\t\t\t\t\t\t\t\t\t<span class=\"elementor-button-text\">zur\u00fcck<\/span>\n\t\t\t\t\t<\/span>\n\t\t\t\t\t<\/a>\n\t\t\t\t<\/div>\n\t\t\t\t\t\t\t\t<\/div>\n\t\t\t\t<\/div>\n\t\t\t\t<\/div>\n\t\t\t\t<\/div>\n\t\t\t\t<\/div>\n\t\t\t\t<\/div>\n\t\t\t\t<\/div>\n\t\t","protected":false},"excerpt":{"rendered":"<p>[d]tom Industrial Design 10 Industrial Tools RIEGLER \u2013 Ergonomische Hochdruck-Blaspistole. Ein robustes Industriewerkzeug, das hohe Druckanforderungen mit ergonomischer Pr\u00e4zision und konstruktiver Integrit\u00e4t verbindet. HerausforderungHohe Druckbelastungen, dauerhafte Dichtheit, industrielle Dauerbeanspruchung und enge konstruktive Restriktionen im Spritzguss. Gleichzeitig musste eine ergonomisch \u00fcberzeugende Handhabung f\u00fcr wiederholte Nutzung entstehen. GestaltungEntwicklung eines einteiligen, massiven Geh\u00e4uses zur Vermeidung von Undichtigkeiten an [&hellip;]<\/p>\n","protected":false},"author":1,"featured_media":43446,"parent":0,"menu_order":0,"comment_status":"closed","ping_status":"closed","template":"elementor_header_footer","meta":{"footnotes":""},"class_list":["post-43651","page","type-page","status-publish","has-post-thumbnail","hentry"],"_links":{"self":[{"href":"https:\/\/d-tom.com\/en\/wp-json\/wp\/v2\/pages\/43651","targetHints":{"allow":["GET"]}}],"collection":[{"href":"https:\/\/d-tom.com\/en\/wp-json\/wp\/v2\/pages"}],"about":[{"href":"https:\/\/d-tom.com\/en\/wp-json\/wp\/v2\/types\/page"}],"author":[{"embeddable":true,"href":"https:\/\/d-tom.com\/en\/wp-json\/wp\/v2\/users\/1"}],"replies":[{"embeddable":true,"href":"https:\/\/d-tom.com\/en\/wp-json\/wp\/v2\/comments?post=43651"}],"version-history":[{"count":0,"href":"https:\/\/d-tom.com\/en\/wp-json\/wp\/v2\/pages\/43651\/revisions"}],"wp:featuredmedia":[{"embeddable":true,"href":"https:\/\/d-tom.com\/en\/wp-json\/wp\/v2\/media\/43446"}],"wp:attachment":[{"href":"https:\/\/d-tom.com\/en\/wp-json\/wp\/v2\/media?parent=43651"}],"curies":[{"name":"wp","href":"https:\/\/api.w.org\/{rel}","templated":true}]}}