{"id":43631,"date":"2026-03-04T13:56:12","date_gmt":"2026-03-04T12:56:12","guid":{"rendered":"https:\/\/d-tom.com\/?page_id=43631"},"modified":"2026-03-24T10:04:14","modified_gmt":"2026-03-24T09:04:14","slug":"08-assistive-technology","status":"publish","type":"page","link":"https:\/\/d-tom.com\/en\/08-assistive-technology\/","title":{"rendered":"08 Assistive Technology"},"content":{"rendered":"\t\t<div data-elementor-type=\"wp-page\" data-elementor-id=\"43631\" class=\"elementor elementor-43631\" data-elementor-post-type=\"page\">\n\t\t\t\t<div class=\"elementor-element elementor-element-4e7c789 e-con-full elementor-hidden-tablet elementor-hidden-mobile e-flex e-con e-parent\" data-id=\"4e7c789\" data-element_type=\"container\" data-e-type=\"container\" data-settings=\"{&quot;background_background&quot;:&quot;classic&quot;,&quot;animation&quot;:&quot;none&quot;}\">\n\t\t<div class=\"elementor-element elementor-element-e1776ef e-con-full e-flex e-con e-child\" data-id=\"e1776ef\" data-element_type=\"container\" data-e-type=\"container\">\n\t\t<div class=\"elementor-element elementor-element-03db0e5 e-con-full e-flex e-con e-child\" data-id=\"03db0e5\" data-element_type=\"container\" data-e-type=\"container\">\n\t\t<div class=\"elementor-element elementor-element-a1c72c4 e-con-full hero-left-top e-flex e-con e-child\" data-id=\"a1c72c4\" data-element_type=\"container\" data-e-type=\"container\">\n\t\t\t\t<div class=\"elementor-element elementor-element-af089f1 elementor-widget elementor-widget-heading\" data-id=\"af089f1\" data-element_type=\"widget\" data-e-type=\"widget\" data-settings=\"{&quot;_animation_mobile&quot;:&quot;none&quot;}\" data-widget_type=\"heading.default\">\n\t\t\t\t<div class=\"elementor-widget-container\">\n\t\t\t\t\t<h2 class=\"elementor-heading-title elementor-size-default\"><strong>[d]tom<\/strong> Industrial Design<\/h2>\t\t\t\t<\/div>\n\t\t\t\t<\/div>\n\t\t\t\t<div class=\"elementor-element elementor-element-eb78620 elementor-widget__width-inherit elementor-widget elementor-widget-heading\" data-id=\"eb78620\" data-element_type=\"widget\" data-e-type=\"widget\" data-settings=\"{&quot;_animation_mobile&quot;:&quot;none&quot;}\" data-widget_type=\"heading.default\">\n\t\t\t\t<div class=\"elementor-widget-container\">\n\t\t\t\t\t<h2 class=\"elementor-heading-title elementor-size-default\">08   Assistive Technology.<\/h2>\t\t\t\t<\/div>\n\t\t\t\t<\/div>\n\t\t\t\t<div class=\"elementor-element elementor-element-89ec64d elementor-widget elementor-widget-spacer\" data-id=\"89ec64d\" data-element_type=\"widget\" data-e-type=\"widget\" data-widget_type=\"spacer.default\">\n\t\t\t\t<div class=\"elementor-widget-container\">\n\t\t\t\t\t\t\t<div class=\"elementor-spacer\">\n\t\t\t<div class=\"elementor-spacer-inner\"><\/div>\n\t\t<\/div>\n\t\t\t\t\t\t<\/div>\n\t\t\t\t<\/div>\n\t\t\t\t<div class=\"elementor-element elementor-element-a762ab8 elementor-widget-divider--view-line elementor-widget elementor-widget-divider\" data-id=\"a762ab8\" data-element_type=\"widget\" data-e-type=\"widget\" data-widget_type=\"divider.default\">\n\t\t\t\t<div class=\"elementor-widget-container\">\n\t\t\t\t\t\t\t<div class=\"elementor-divider\">\n\t\t\t<span class=\"elementor-divider-separator\">\n\t\t\t\t\t\t<\/span>\n\t\t<\/div>\n\t\t\t\t\t\t<\/div>\n\t\t\t\t<\/div>\n\t\t\t\t<div class=\"elementor-element elementor-element-1ec5c98 elementor-hidden-tablet elementor-hidden-mobile elementor-widget elementor-widget-heading\" data-id=\"1ec5c98\" data-element_type=\"widget\" data-e-type=\"widget\" data-settings=\"{&quot;_animation_mobile&quot;:&quot;none&quot;}\" data-widget_type=\"heading.default\">\n\t\t\t\t<div class=\"elementor-widget-container\">\n\t\t\t\t\t<h2 class=\"elementor-heading-title elementor-size-default\">ESCHENBACH mobilux\u00ae \u2013 Leuchtlupe, Next Generation.<\/h2>\t\t\t\t<\/div>\n\t\t\t\t<\/div>\n\t\t\t\t<div class=\"elementor-element elementor-element-1db7fad elementor-widget elementor-widget-spacer\" data-id=\"1db7fad\" data-element_type=\"widget\" data-e-type=\"widget\" data-widget_type=\"spacer.default\">\n\t\t\t\t<div class=\"elementor-widget-container\">\n\t\t\t\t\t\t\t<div class=\"elementor-spacer\">\n\t\t\t<div class=\"elementor-spacer-inner\"><\/div>\n\t\t<\/div>\n\t\t\t\t\t\t<\/div>\n\t\t\t\t<\/div>\n\t\t\t\t<div class=\"elementor-element elementor-element-3b1fa64 elementor-hidden-tablet elementor-hidden-mobile elementor-widget elementor-widget-heading\" data-id=\"3b1fa64\" data-element_type=\"widget\" data-e-type=\"widget\" data-settings=\"{&quot;_animation_mobile&quot;:&quot;none&quot;}\" data-widget_type=\"heading.default\">\n\t\t\t\t<div class=\"elementor-widget-container\">\n\t\t\t\t\t<h2 class=\"elementor-heading-title elementor-size-default\">Weiterentwicklung einer \u00e4u\u00dferst erfolgreichen Leuchtlupe f\u00fcr sehbeeintr\u00e4chtigte Menschen.<\/h2>\t\t\t\t<\/div>\n\t\t\t\t<\/div>\n\t\t\t\t<div class=\"elementor-element elementor-element-c52ac54 elementor-widget elementor-widget-spacer\" data-id=\"c52ac54\" data-element_type=\"widget\" data-e-type=\"widget\" data-widget_type=\"spacer.default\">\n\t\t\t\t<div class=\"elementor-widget-container\">\n\t\t\t\t\t\t\t<div class=\"elementor-spacer\">\n\t\t\t<div class=\"elementor-spacer-inner\"><\/div>\n\t\t<\/div>\n\t\t\t\t\t\t<\/div>\n\t\t\t\t<\/div>\n\t\t\t\t<div class=\"elementor-element elementor-element-e7aa121 elementor-widget elementor-widget-text-editor\" data-id=\"e7aa121\" data-element_type=\"widget\" data-e-type=\"widget\" data-widget_type=\"text-editor.default\">\n\t\t\t\t<div class=\"elementor-widget-container\">\n\t\t\t\t\t\t\t\t\t<p data-start=\"7775\" data-end=\"7986\"><span style=\"text-decoration: underline;\"><strong data-start=\"7775\" data-end=\"7794\">Herausforderung<\/strong><\/span><br data-start=\"7794\" data-end=\"7797\" \/>Hohe Markterwartung an ein erfolgreiches Bestandsprodukt, Verbesserung ergonomischer Eigenschaften und die gestalterische Aufgabe, den Charakter einer \u201emedizinischen Prothese\u201c zu vermeiden.<\/p><p data-start=\"7988\" data-end=\"8339\"><span style=\"text-decoration: underline;\"><strong data-start=\"7988\" data-end=\"8002\">Gestaltung<\/strong><\/span><br data-start=\"8002\" data-end=\"8005\" \/>Deutlich verbesserte Ergonomie mit angenehmem Handkontakt, weichere Linienf\u00fchrung bei klar strukturierter Geometrie und eine kontrastreiche Schwarz-Wei\u00df-Gestaltung mit gezielter Akzentuierung von Griff und Linse. Schiebeschalter bildet im OFF-Zustand eine formale Linie zwischen Kopf und Griff. Im ON-Zustand wird diese Linie sichtbar unterbrochen \u2013 klare Fernlesbarkeit.<\/p><p data-start=\"7988\" data-end=\"8339\"><span style=\"text-decoration: underline;\"><strong data-start=\"2311\" data-end=\"2322\">Wirkung<\/strong><\/span><br data-start=\"2322\" data-end=\"2325\" \/>Eine Leuchtlupe mit deutlich erweiterter Zielgruppenansprache und h\u00f6herer Alltagsakzeptanz. Das Produkt wirkt weniger spezialistisch, ergonomischer und wertiger und \u00fcbersetzt Assistenztechnik in ein selbstverst\u00e4ndliches Gebrauchsobjekt.<\/p>\t\t\t\t\t\t\t\t<\/div>\n\t\t\t\t<\/div>\n\t\t\t\t<div class=\"elementor-element elementor-element-ee9a711 elementor-widget elementor-widget-spacer\" data-id=\"ee9a711\" data-element_type=\"widget\" data-e-type=\"widget\" data-widget_type=\"spacer.default\">\n\t\t\t\t<div class=\"elementor-widget-container\">\n\t\t\t\t\t\t\t<div class=\"elementor-spacer\">\n\t\t\t<div class=\"elementor-spacer-inner\"><\/div>\n\t\t<\/div>\n\t\t\t\t\t\t<\/div>\n\t\t\t\t<\/div>\n\t\t\t\t<\/div>\n\t\t<div class=\"elementor-element elementor-element-214cc19 e-con-full elementor-hidden-tablet elementor-hidden-mobile hero-left-bottom e-flex e-con e-child\" data-id=\"214cc19\" data-element_type=\"container\" data-e-type=\"container\">\n\t\t\t\t<div class=\"elementor-element elementor-element-e6258ef elementor-widget-mobile__width-initial elementor-widget elementor-widget-button\" data-id=\"e6258ef\" data-element_type=\"widget\" data-e-type=\"widget\" data-widget_type=\"button.default\">\n\t\t\t\t<div class=\"elementor-widget-container\">\n\t\t\t\t\t\t\t\t\t<div class=\"elementor-button-wrapper\">\n\t\t\t\t\t<a class=\"elementor-button elementor-button-link elementor-size-sm\" href=\"\/fallbeispielegrid\/\">\n\t\t\t\t\t\t<span class=\"elementor-button-content-wrapper\">\n\t\t\t\t\t\t\t\t\t<span class=\"elementor-button-text\">Zur\u00fcck<\/span>\n\t\t\t\t\t<\/span>\n\t\t\t\t\t<\/a>\n\t\t\t\t<\/div>\n\t\t\t\t\t\t\t\t<\/div>\n\t\t\t\t<\/div>\n\t\t\t\t<\/div>\n\t\t\t\t<div class=\"elementor-element elementor-element-aecb40a elementor-widget elementor-widget-spacer\" data-id=\"aecb40a\" data-element_type=\"widget\" data-e-type=\"widget\" data-widget_type=\"spacer.default\">\n\t\t\t\t<div class=\"elementor-widget-container\">\n\t\t\t\t\t\t\t<div class=\"elementor-spacer\">\n\t\t\t<div class=\"elementor-spacer-inner\"><\/div>\n\t\t<\/div>\n\t\t\t\t\t\t<\/div>\n\t\t\t\t<\/div>\n\t\t\t\t<\/div>\n\t\t<div class=\"elementor-element elementor-element-501dba0 e-con-full e-flex e-con e-child\" data-id=\"501dba0\" data-element_type=\"container\" data-e-type=\"container\" data-settings=\"{&quot;background_background&quot;:&quot;classic&quot;}\">\n\t\t\t\t<\/div>\n\t\t\t\t<\/div>\n\t\t\t\t<\/div>\n\t\t<div class=\"elementor-element elementor-element-9c2fbfc e-con-full elementor-hidden-desktop e-flex e-con e-parent\" data-id=\"9c2fbfc\" data-element_type=\"container\" data-e-type=\"container\" data-settings=\"{&quot;background_background&quot;:&quot;classic&quot;,&quot;animation&quot;:&quot;none&quot;}\">\n\t\t<div class=\"elementor-element elementor-element-215040b e-con-full e-flex e-con e-child\" data-id=\"215040b\" data-element_type=\"container\" data-e-type=\"container\">\n\t\t<div class=\"elementor-element elementor-element-5b97e7e e-con-full e-flex e-con e-child\" data-id=\"5b97e7e\" data-element_type=\"container\" data-e-type=\"container\">\n\t\t<div class=\"elementor-element elementor-element-97a30ac e-con-full hero-left-top e-flex e-con e-child\" data-id=\"97a30ac\" data-element_type=\"container\" data-e-type=\"container\">\n\t\t\t\t<div class=\"elementor-element elementor-element-3701a6a elementor-widget elementor-widget-heading\" data-id=\"3701a6a\" data-element_type=\"widget\" data-e-type=\"widget\" data-settings=\"{&quot;_animation_mobile&quot;:&quot;none&quot;}\" data-widget_type=\"heading.default\">\n\t\t\t\t<div class=\"elementor-widget-container\">\n\t\t\t\t\t<h2 class=\"elementor-heading-title elementor-size-default\"><strong>[d]tom<\/strong> Industrial Design<\/h2>\t\t\t\t<\/div>\n\t\t\t\t<\/div>\n\t\t\t\t<div class=\"elementor-element elementor-element-bfb1ee5 elementor-widget__width-inherit elementor-widget elementor-widget-heading\" data-id=\"bfb1ee5\" data-element_type=\"widget\" data-e-type=\"widget\" data-settings=\"{&quot;_animation_mobile&quot;:&quot;none&quot;}\" data-widget_type=\"heading.default\">\n\t\t\t\t<div class=\"elementor-widget-container\">\n\t\t\t\t\t<h2 class=\"elementor-heading-title elementor-size-default\">08   Assistive Technology.<\/h2>\t\t\t\t<\/div>\n\t\t\t\t<\/div>\n\t\t\t\t<div class=\"elementor-element elementor-element-b7433fc elementor-hidden-tablet elementor-hidden-mobile elementor-widget elementor-widget-spacer\" data-id=\"b7433fc\" data-element_type=\"widget\" data-e-type=\"widget\" data-widget_type=\"spacer.default\">\n\t\t\t\t<div class=\"elementor-widget-container\">\n\t\t\t\t\t\t\t<div class=\"elementor-spacer\">\n\t\t\t<div class=\"elementor-spacer-inner\"><\/div>\n\t\t<\/div>\n\t\t\t\t\t\t<\/div>\n\t\t\t\t<\/div>\n\t\t\t\t<div class=\"elementor-element elementor-element-1fe8932 elementor-hidden-desktop elementor-widget elementor-widget-spacer\" data-id=\"1fe8932\" data-element_type=\"widget\" data-e-type=\"widget\" data-widget_type=\"spacer.default\">\n\t\t\t\t<div class=\"elementor-widget-container\">\n\t\t\t\t\t\t\t<div class=\"elementor-spacer\">\n\t\t\t<div class=\"elementor-spacer-inner\"><\/div>\n\t\t<\/div>\n\t\t\t\t\t\t<\/div>\n\t\t\t\t<\/div>\n\t\t\t\t<div class=\"elementor-element elementor-element-7fb1322 elementor-hidden-desktop elementor-widget elementor-widget-heading\" data-id=\"7fb1322\" data-element_type=\"widget\" data-e-type=\"widget\" data-settings=\"{&quot;_animation_mobile&quot;:&quot;none&quot;}\" data-widget_type=\"heading.default\">\n\t\t\t\t<div class=\"elementor-widget-container\">\n\t\t\t\t\t<h2 class=\"elementor-heading-title elementor-size-default\">ESCHENBACH mobilux\u00ae \u2013 Leuchtlupe, Next Generation.<\/h2>\t\t\t\t<\/div>\n\t\t\t\t<\/div>\n\t\t\t\t<div class=\"elementor-element elementor-element-ca3fa38 elementor-hidden-desktop elementor-widget-divider--view-line elementor-widget elementor-widget-divider\" data-id=\"ca3fa38\" data-element_type=\"widget\" data-e-type=\"widget\" data-widget_type=\"divider.default\">\n\t\t\t\t<div class=\"elementor-widget-container\">\n\t\t\t\t\t\t\t<div class=\"elementor-divider\">\n\t\t\t<span class=\"elementor-divider-separator\">\n\t\t\t\t\t\t<\/span>\n\t\t<\/div>\n\t\t\t\t\t\t<\/div>\n\t\t\t\t<\/div>\n\t\t\t\t<div class=\"elementor-element elementor-element-3b4d96c elementor-widget elementor-widget-spacer\" data-id=\"3b4d96c\" data-element_type=\"widget\" data-e-type=\"widget\" data-widget_type=\"spacer.default\">\n\t\t\t\t<div class=\"elementor-widget-container\">\n\t\t\t\t\t\t\t<div class=\"elementor-spacer\">\n\t\t\t<div class=\"elementor-spacer-inner\"><\/div>\n\t\t<\/div>\n\t\t\t\t\t\t<\/div>\n\t\t\t\t<\/div>\n\t\t\t\t<div class=\"elementor-element elementor-element-32467eb elementor-widget elementor-widget-image\" data-id=\"32467eb\" data-element_type=\"widget\" data-e-type=\"widget\" data-widget_type=\"image.default\">\n\t\t\t\t<div class=\"elementor-widget-container\">\n\t\t\t\t\t\t\t\t\t\t\t\t\t\t\t<img loading=\"lazy\" decoding=\"async\" width=\"768\" height=\"1144\" src=\"https:\/\/d-tom.com\/wp-content\/uploads\/2026\/03\/Mobilux-1000-768x1144.jpg\" class=\"attachment-medium_large size-medium_large wp-image-44212\" alt=\"\" srcset=\"https:\/\/d-tom.com\/wp-content\/uploads\/2026\/03\/Mobilux-1000-768x1144.jpg 768w, https:\/\/d-tom.com\/wp-content\/uploads\/2026\/03\/Mobilux-1000-201x300.jpg 201w, https:\/\/d-tom.com\/wp-content\/uploads\/2026\/03\/Mobilux-1000-725x1080.jpg 725w, https:\/\/d-tom.com\/wp-content\/uploads\/2026\/03\/Mobilux-1000-1031x1536.jpg 1031w, https:\/\/d-tom.com\/wp-content\/uploads\/2026\/03\/Mobilux-1000-8x12.jpg 8w, https:\/\/d-tom.com\/wp-content\/uploads\/2026\/03\/Mobilux-1000.jpg 1172w\" sizes=\"auto, (max-width: 768px) 100vw, 768px\" \/>\t\t\t\t\t\t\t\t\t\t\t\t\t\t\t<\/div>\n\t\t\t\t<\/div>\n\t\t\t\t<div class=\"elementor-element elementor-element-7100afd elementor-widget elementor-widget-spacer\" data-id=\"7100afd\" data-element_type=\"widget\" data-e-type=\"widget\" data-widget_type=\"spacer.default\">\n\t\t\t\t<div class=\"elementor-widget-container\">\n\t\t\t\t\t\t\t<div class=\"elementor-spacer\">\n\t\t\t<div class=\"elementor-spacer-inner\"><\/div>\n\t\t<\/div>\n\t\t\t\t\t\t<\/div>\n\t\t\t\t<\/div>\n\t\t\t\t<div class=\"elementor-element elementor-element-e64f7ba elementor-widget elementor-widget-text-editor\" data-id=\"e64f7ba\" data-element_type=\"widget\" data-e-type=\"widget\" data-widget_type=\"text-editor.default\">\n\t\t\t\t<div class=\"elementor-widget-container\">\n\t\t\t\t\t\t\t\t\t<p>Weiterentwicklung einer \u00e4u\u00dferst erfolgreichen Leuchtlupe f\u00fcr sehbeeintr\u00e4chtigte Menschen.<\/p>\t\t\t\t\t\t\t\t<\/div>\n\t\t\t\t<\/div>\n\t\t\t\t<div class=\"elementor-element elementor-element-3ef3568 elementor-widget elementor-widget-spacer\" data-id=\"3ef3568\" data-element_type=\"widget\" data-e-type=\"widget\" data-widget_type=\"spacer.default\">\n\t\t\t\t<div class=\"elementor-widget-container\">\n\t\t\t\t\t\t\t<div class=\"elementor-spacer\">\n\t\t\t<div class=\"elementor-spacer-inner\"><\/div>\n\t\t<\/div>\n\t\t\t\t\t\t<\/div>\n\t\t\t\t<\/div>\n\t\t\t\t<div class=\"elementor-element elementor-element-09adbb5 elementor-widget elementor-widget-text-editor\" data-id=\"09adbb5\" data-element_type=\"widget\" data-e-type=\"widget\" data-widget_type=\"text-editor.default\">\n\t\t\t\t<div class=\"elementor-widget-container\">\n\t\t\t\t\t\t\t\t\t<p data-start=\"7775\" data-end=\"7986\"><span style=\"text-decoration: underline;\"><strong data-start=\"7775\" data-end=\"7794\">Herausforderung<\/strong><\/span><br data-start=\"7794\" data-end=\"7797\" \/>Hohe Markterwartung an ein erfolgreiches Bestandsprodukt, Verbesserung ergonomischer Eigenschaften und die gestalterische Aufgabe, den Charakter einer \u201emedizinischen Prothese\u201c zu vermeiden.<\/p><p data-start=\"7988\" data-end=\"8339\"><span style=\"text-decoration: underline;\"><strong data-start=\"7988\" data-end=\"8002\">Gestaltung<\/strong><\/span><br data-start=\"8002\" data-end=\"8005\" \/>Deutlich verbesserte Ergonomie mit angenehmem Handkontakt, weichere Linienf\u00fchrung bei klar strukturierter Geometrie und eine kontrastreiche Schwarz-Wei\u00df-Gestaltung mit gezielter Akzentuierung von Griff und Linse. Schiebeschalter bildet im OFF-Zustand eine formale Linie zwischen Kopf und Griff. Im ON-Zustand wird diese Linie sichtbar unterbrochen \u2013 klare Fernlesbarkeit.<\/p><p data-start=\"7988\" data-end=\"8339\"><span style=\"text-decoration: underline;\"><strong data-start=\"2311\" data-end=\"2322\">Wirkung<\/strong><\/span><br data-start=\"2322\" data-end=\"2325\" \/>Eine Leuchtlupe mit deutlich erweiterter Zielgruppenansprache und h\u00f6herer Alltagsakzeptanz. Das Produkt wirkt weniger spezialistisch, ergonomischer und wertiger und \u00fcbersetzt Assistenztechnik in ein selbstverst\u00e4ndliches Gebrauchsobjekt.<\/p>\t\t\t\t\t\t\t\t<\/div>\n\t\t\t\t<\/div>\n\t\t\t\t<div class=\"elementor-element elementor-element-0f196f7 elementor-widget elementor-widget-spacer\" data-id=\"0f196f7\" data-element_type=\"widget\" data-e-type=\"widget\" data-widget_type=\"spacer.default\">\n\t\t\t\t<div class=\"elementor-widget-container\">\n\t\t\t\t\t\t\t<div class=\"elementor-spacer\">\n\t\t\t<div class=\"elementor-spacer-inner\"><\/div>\n\t\t<\/div>\n\t\t\t\t\t\t<\/div>\n\t\t\t\t<\/div>\n\t\t\t\t<div class=\"elementor-element elementor-element-b862234 elementor-widget elementor-widget-spacer\" data-id=\"b862234\" data-element_type=\"widget\" data-e-type=\"widget\" data-widget_type=\"spacer.default\">\n\t\t\t\t<div class=\"elementor-widget-container\">\n\t\t\t\t\t\t\t<div class=\"elementor-spacer\">\n\t\t\t<div class=\"elementor-spacer-inner\"><\/div>\n\t\t<\/div>\n\t\t\t\t\t\t<\/div>\n\t\t\t\t<\/div>\n\t\t\t\t<\/div>\n\t\t\t\t<div class=\"elementor-element elementor-element-6d758d1 elementor-widget elementor-widget-spacer\" data-id=\"6d758d1\" data-element_type=\"widget\" data-e-type=\"widget\" data-widget_type=\"spacer.default\">\n\t\t\t\t<div class=\"elementor-widget-container\">\n\t\t\t\t\t\t\t<div class=\"elementor-spacer\">\n\t\t\t<div class=\"elementor-spacer-inner\"><\/div>\n\t\t<\/div>\n\t\t\t\t\t\t<\/div>\n\t\t\t\t<\/div>\n\t\t<div class=\"elementor-element elementor-element-57f8e53 e-con-full elementor-hidden-desktop e-flex e-con e-child\" data-id=\"57f8e53\" data-element_type=\"container\" data-e-type=\"container\">\n\t\t\t\t<div class=\"elementor-element elementor-element-73216fc elementor-widget-mobile__width-initial elementor-widget elementor-widget-button\" data-id=\"73216fc\" data-element_type=\"widget\" data-e-type=\"widget\" data-widget_type=\"button.default\">\n\t\t\t\t<div class=\"elementor-widget-container\">\n\t\t\t\t\t\t\t\t\t<div class=\"elementor-button-wrapper\">\n\t\t\t\t\t<a class=\"elementor-button elementor-button-link elementor-size-sm\" href=\"\/fallbeispielegrid\/\">\n\t\t\t\t\t\t<span class=\"elementor-button-content-wrapper\">\n\t\t\t\t\t\t\t\t\t<span class=\"elementor-button-text\">zur\u00fcck<\/span>\n\t\t\t\t\t<\/span>\n\t\t\t\t\t<\/a>\n\t\t\t\t<\/div>\n\t\t\t\t\t\t\t\t<\/div>\n\t\t\t\t<\/div>\n\t\t\t\t<\/div>\n\t\t\t\t<\/div>\n\t\t\t\t<\/div>\n\t\t\t\t<\/div>\n\t\t\t\t<\/div>\n\t\t","protected":false},"excerpt":{"rendered":"<p>[d]tom Industrial Design 08 Assistive Technology. ESCHENBACH mobilux\u00ae \u2013 Leuchtlupe, Next Generation. Weiterentwicklung einer \u00e4u\u00dferst erfolgreichen Leuchtlupe f\u00fcr sehbeeintr\u00e4chtigte Menschen. HerausforderungHohe Markterwartung an ein erfolgreiches Bestandsprodukt, Verbesserung ergonomischer Eigenschaften und die gestalterische Aufgabe, den Charakter einer \u201emedizinischen Prothese\u201c zu vermeiden. GestaltungDeutlich verbesserte Ergonomie mit angenehmem Handkontakt, weichere Linienf\u00fchrung bei klar strukturierter Geometrie und eine kontrastreiche [&hellip;]<\/p>\n","protected":false},"author":1,"featured_media":43416,"parent":0,"menu_order":0,"comment_status":"closed","ping_status":"closed","template":"elementor_header_footer","meta":{"footnotes":""},"class_list":["post-43631","page","type-page","status-publish","has-post-thumbnail","hentry"],"_links":{"self":[{"href":"https:\/\/d-tom.com\/en\/wp-json\/wp\/v2\/pages\/43631","targetHints":{"allow":["GET"]}}],"collection":[{"href":"https:\/\/d-tom.com\/en\/wp-json\/wp\/v2\/pages"}],"about":[{"href":"https:\/\/d-tom.com\/en\/wp-json\/wp\/v2\/types\/page"}],"author":[{"embeddable":true,"href":"https:\/\/d-tom.com\/en\/wp-json\/wp\/v2\/users\/1"}],"replies":[{"embeddable":true,"href":"https:\/\/d-tom.com\/en\/wp-json\/wp\/v2\/comments?post=43631"}],"version-history":[{"count":0,"href":"https:\/\/d-tom.com\/en\/wp-json\/wp\/v2\/pages\/43631\/revisions"}],"wp:featuredmedia":[{"embeddable":true,"href":"https:\/\/d-tom.com\/en\/wp-json\/wp\/v2\/media\/43416"}],"wp:attachment":[{"href":"https:\/\/d-tom.com\/en\/wp-json\/wp\/v2\/media?parent=43631"}],"curies":[{"name":"wp","href":"https:\/\/api.w.org\/{rel}","templated":true}]}}