{"id":43621,"date":"2026-03-04T13:54:12","date_gmt":"2026-03-04T12:54:12","guid":{"rendered":"https:\/\/d-tom.com\/?page_id=43621"},"modified":"2026-03-23T09:25:46","modified_gmt":"2026-03-23T08:25:46","slug":"07-automotive-interior","status":"publish","type":"page","link":"https:\/\/d-tom.com\/en\/07-automotive-interior\/","title":{"rendered":"07 Automotive Interior"},"content":{"rendered":"\t\t<div data-elementor-type=\"wp-page\" data-elementor-id=\"43621\" class=\"elementor elementor-43621\" data-elementor-post-type=\"page\">\n\t\t\t\t<div class=\"elementor-element elementor-element-a3dfa66 e-con-full elementor-hidden-tablet elementor-hidden-mobile e-flex e-con e-parent\" data-id=\"a3dfa66\" data-element_type=\"container\" data-e-type=\"container\" data-settings=\"{&quot;background_background&quot;:&quot;classic&quot;,&quot;animation&quot;:&quot;none&quot;}\">\n\t\t<div class=\"elementor-element elementor-element-249e65e e-con-full e-flex e-con e-child\" data-id=\"249e65e\" data-element_type=\"container\" data-e-type=\"container\">\n\t\t<div class=\"elementor-element elementor-element-94fa121 e-con-full e-flex e-con e-child\" data-id=\"94fa121\" data-element_type=\"container\" data-e-type=\"container\">\n\t\t<div class=\"elementor-element elementor-element-6729815 e-con-full hero-left-top e-flex e-con e-child\" data-id=\"6729815\" data-element_type=\"container\" data-e-type=\"container\">\n\t\t\t\t<div class=\"elementor-element elementor-element-bd0e301 elementor-widget elementor-widget-heading\" data-id=\"bd0e301\" data-element_type=\"widget\" data-e-type=\"widget\" data-settings=\"{&quot;_animation_mobile&quot;:&quot;none&quot;}\" data-widget_type=\"heading.default\">\n\t\t\t\t<div class=\"elementor-widget-container\">\n\t\t\t\t\t<h2 class=\"elementor-heading-title elementor-size-default\"><strong>[d]tom<\/strong> Industrial Design<\/h2>\t\t\t\t<\/div>\n\t\t\t\t<\/div>\n\t\t\t\t<div class=\"elementor-element elementor-element-b1acdb3 elementor-widget__width-inherit elementor-widget elementor-widget-heading\" data-id=\"b1acdb3\" data-element_type=\"widget\" data-e-type=\"widget\" data-settings=\"{&quot;_animation_mobile&quot;:&quot;none&quot;}\" data-widget_type=\"heading.default\">\n\t\t\t\t<div class=\"elementor-widget-container\">\n\t\t\t\t\t<h2 class=\"elementor-heading-title elementor-size-default\">07 Automotive Interior<\/h2>\t\t\t\t<\/div>\n\t\t\t\t<\/div>\n\t\t\t\t<div class=\"elementor-element elementor-element-0f4c984 elementor-widget elementor-widget-spacer\" data-id=\"0f4c984\" data-element_type=\"widget\" data-e-type=\"widget\" data-widget_type=\"spacer.default\">\n\t\t\t\t<div class=\"elementor-widget-container\">\n\t\t\t\t\t\t\t<div class=\"elementor-spacer\">\n\t\t\t<div class=\"elementor-spacer-inner\"><\/div>\n\t\t<\/div>\n\t\t\t\t\t\t<\/div>\n\t\t\t\t<\/div>\n\t\t\t\t<div class=\"elementor-element elementor-element-bf49be2 elementor-widget-divider--view-line elementor-widget elementor-widget-divider\" data-id=\"bf49be2\" data-element_type=\"widget\" data-e-type=\"widget\" data-widget_type=\"divider.default\">\n\t\t\t\t<div class=\"elementor-widget-container\">\n\t\t\t\t\t\t\t<div class=\"elementor-divider\">\n\t\t\t<span class=\"elementor-divider-separator\">\n\t\t\t\t\t\t<\/span>\n\t\t<\/div>\n\t\t\t\t\t\t<\/div>\n\t\t\t\t<\/div>\n\t\t\t\t<div class=\"elementor-element elementor-element-ab30388 elementor-hidden-tablet elementor-hidden-mobile elementor-widget elementor-widget-heading\" data-id=\"ab30388\" data-element_type=\"widget\" data-e-type=\"widget\" data-settings=\"{&quot;_animation_mobile&quot;:&quot;none&quot;}\" data-widget_type=\"heading.default\">\n\t\t\t\t<div class=\"elementor-widget-container\">\n\t\t\t\t\t<h2 class=\"elementor-heading-title elementor-size-default\">Bugatti Veyron \u2013 Audio- und Klimabedienung.<\/h2>\t\t\t\t<\/div>\n\t\t\t\t<\/div>\n\t\t\t\t<div class=\"elementor-element elementor-element-8745c32 elementor-widget elementor-widget-spacer\" data-id=\"8745c32\" data-element_type=\"widget\" data-e-type=\"widget\" data-widget_type=\"spacer.default\">\n\t\t\t\t<div class=\"elementor-widget-container\">\n\t\t\t\t\t\t\t<div class=\"elementor-spacer\">\n\t\t\t<div class=\"elementor-spacer-inner\"><\/div>\n\t\t<\/div>\n\t\t\t\t\t\t<\/div>\n\t\t\t\t<\/div>\n\t\t\t\t<div class=\"elementor-element elementor-element-9a65162 elementor-hidden-tablet elementor-hidden-mobile elementor-widget elementor-widget-heading\" data-id=\"9a65162\" data-element_type=\"widget\" data-e-type=\"widget\" data-settings=\"{&quot;_animation_mobile&quot;:&quot;none&quot;}\" data-widget_type=\"heading.default\">\n\t\t\t\t<div class=\"elementor-widget-container\">\n\t\t\t\t\t<h2 class=\"elementor-heading-title elementor-size-default\">Eine Bedieneinheit, die historische Markenidentit\u00e4t, mechanische Pr\u00e4zision und Hochgeschwindigkeits-Ergonomie in einer Oberfl\u00e4che zusammenf\u00fchrt.<\/h2>\t\t\t\t<\/div>\n\t\t\t\t<\/div>\n\t\t\t\t<div class=\"elementor-element elementor-element-43a1534 elementor-widget elementor-widget-spacer\" data-id=\"43a1534\" data-element_type=\"widget\" data-e-type=\"widget\" data-widget_type=\"spacer.default\">\n\t\t\t\t<div class=\"elementor-widget-container\">\n\t\t\t\t\t\t\t<div class=\"elementor-spacer\">\n\t\t\t<div class=\"elementor-spacer-inner\"><\/div>\n\t\t<\/div>\n\t\t\t\t\t\t<\/div>\n\t\t\t\t<\/div>\n\t\t\t\t<div class=\"elementor-element elementor-element-17ee5af elementor-widget elementor-widget-text-editor\" data-id=\"17ee5af\" data-element_type=\"widget\" data-e-type=\"widget\" data-widget_type=\"text-editor.default\">\n\t\t\t\t<div class=\"elementor-widget-container\">\n\t\t\t\t\t\t\t\t\t<p data-start=\"6756\" data-end=\"7023\"><span style=\"text-decoration: underline;\"><strong data-start=\"6756\" data-end=\"6775\">Herausforderung<\/strong><\/span><br data-start=\"6775\" data-end=\"6778\" \/>Die Gestaltung musste an die klassische Glanzzeit Bugattis ankn\u00fcpfen und zugleich den fahrdynamischen Anforderungen eines 400-km\/h-Fahrzeugs gerecht werden. Minimale Ablenkung, sichere Bedienbarkeit und haptische Wertkommunikation waren zentral.<\/p><p data-start=\"7025\" data-end=\"7314\"><span style=\"text-decoration: underline;\"><strong data-start=\"7025\" data-end=\"7039\">Gestaltung<\/strong><\/span><br data-start=\"7039\" data-end=\"7042\" \/>Entwicklung einer sich in die Mittelkonsole integrierenden, doppelten Bedieneinheit mit Referenzen an klassische Bugatti-Instrumententafeln. Gro\u00dfdimensionierte, pr\u00e4zise gearbeitete Bedienelemente, hochwertige Metalloberfl\u00e4chen und definierte Widerstands- und Rastmomente erm\u00f6glichen sichere Bedienung auch ohne Blickkontakt.<\/p><p data-start=\"7316\" data-end=\"7559\"><span style=\"text-decoration: underline;\"><strong data-start=\"7316\" data-end=\"7327\">Wirkung<\/strong><\/span><br data-start=\"7327\" data-end=\"7330\" \/>Eine Bedieneinheit, in der Funktion, Material und Mechanik zu einer sinnlich erfahrbaren Ingenieurskultur verschmelzen. Die haptische Qualit\u00e4t kommuniziert Wert unmittelbar \u00fcber die Ber\u00fchrung \u2013 im Fahrbetrieb ebenso wie im Stand.<\/p><p data-start=\"7316\" data-end=\"7559\">\u00a0<\/p>\t\t\t\t\t\t\t\t<\/div>\n\t\t\t\t<\/div>\n\t\t\t\t<div class=\"elementor-element elementor-element-32e216a elementor-widget elementor-widget-spacer\" data-id=\"32e216a\" data-element_type=\"widget\" data-e-type=\"widget\" data-widget_type=\"spacer.default\">\n\t\t\t\t<div class=\"elementor-widget-container\">\n\t\t\t\t\t\t\t<div class=\"elementor-spacer\">\n\t\t\t<div class=\"elementor-spacer-inner\"><\/div>\n\t\t<\/div>\n\t\t\t\t\t\t<\/div>\n\t\t\t\t<\/div>\n\t\t\t\t<\/div>\n\t\t<div class=\"elementor-element elementor-element-9582824 e-con-full elementor-hidden-tablet elementor-hidden-mobile hero-left-bottom e-flex e-con e-child\" data-id=\"9582824\" data-element_type=\"container\" data-e-type=\"container\">\n\t\t\t\t<div class=\"elementor-element elementor-element-326173d elementor-widget-mobile__width-initial elementor-widget elementor-widget-button\" data-id=\"326173d\" data-element_type=\"widget\" data-e-type=\"widget\" data-widget_type=\"button.default\">\n\t\t\t\t<div class=\"elementor-widget-container\">\n\t\t\t\t\t\t\t\t\t<div class=\"elementor-button-wrapper\">\n\t\t\t\t\t<a class=\"elementor-button elementor-button-link elementor-size-sm\" href=\"\/fallbeispielegrid\/\">\n\t\t\t\t\t\t<span class=\"elementor-button-content-wrapper\">\n\t\t\t\t\t\t\t\t\t<span class=\"elementor-button-text\">Zur\u00fcck<\/span>\n\t\t\t\t\t<\/span>\n\t\t\t\t\t<\/a>\n\t\t\t\t<\/div>\n\t\t\t\t\t\t\t\t<\/div>\n\t\t\t\t<\/div>\n\t\t\t\t<\/div>\n\t\t\t\t<div class=\"elementor-element elementor-element-cf06a43 elementor-widget elementor-widget-spacer\" data-id=\"cf06a43\" data-element_type=\"widget\" data-e-type=\"widget\" data-widget_type=\"spacer.default\">\n\t\t\t\t<div class=\"elementor-widget-container\">\n\t\t\t\t\t\t\t<div class=\"elementor-spacer\">\n\t\t\t<div class=\"elementor-spacer-inner\"><\/div>\n\t\t<\/div>\n\t\t\t\t\t\t<\/div>\n\t\t\t\t<\/div>\n\t\t\t\t<\/div>\n\t\t<div class=\"elementor-element elementor-element-4c1ca61 e-con-full e-flex e-con e-child\" data-id=\"4c1ca61\" data-element_type=\"container\" data-e-type=\"container\" data-settings=\"{&quot;background_background&quot;:&quot;classic&quot;}\">\n\t\t\t\t<\/div>\n\t\t\t\t<\/div>\n\t\t\t\t<\/div>\n\t\t<div class=\"elementor-element elementor-element-43c9eca e-con-full elementor-hidden-desktop e-flex e-con e-parent\" data-id=\"43c9eca\" data-element_type=\"container\" data-e-type=\"container\" data-settings=\"{&quot;background_background&quot;:&quot;classic&quot;,&quot;animation&quot;:&quot;none&quot;}\">\n\t\t<div class=\"elementor-element elementor-element-f438878 e-con-full e-flex e-con e-child\" data-id=\"f438878\" data-element_type=\"container\" data-e-type=\"container\">\n\t\t<div class=\"elementor-element elementor-element-48ec8b0 e-con-full e-flex e-con e-child\" data-id=\"48ec8b0\" data-element_type=\"container\" data-e-type=\"container\">\n\t\t<div class=\"elementor-element elementor-element-0ff469a e-con-full hero-left-top e-flex e-con e-child\" data-id=\"0ff469a\" data-element_type=\"container\" data-e-type=\"container\">\n\t\t\t\t<div class=\"elementor-element elementor-element-3f5409b elementor-widget elementor-widget-heading\" data-id=\"3f5409b\" data-element_type=\"widget\" data-e-type=\"widget\" data-settings=\"{&quot;_animation_mobile&quot;:&quot;none&quot;}\" data-widget_type=\"heading.default\">\n\t\t\t\t<div class=\"elementor-widget-container\">\n\t\t\t\t\t<h2 class=\"elementor-heading-title elementor-size-default\"><strong>[d]tom<\/strong> Industrial Design<\/h2>\t\t\t\t<\/div>\n\t\t\t\t<\/div>\n\t\t\t\t<div class=\"elementor-element elementor-element-d65fde2 elementor-widget__width-inherit elementor-widget elementor-widget-heading\" data-id=\"d65fde2\" data-element_type=\"widget\" data-e-type=\"widget\" data-settings=\"{&quot;_animation_mobile&quot;:&quot;none&quot;}\" data-widget_type=\"heading.default\">\n\t\t\t\t<div class=\"elementor-widget-container\">\n\t\t\t\t\t<h2 class=\"elementor-heading-title elementor-size-default\">07 Automotive Interior<\/h2>\t\t\t\t<\/div>\n\t\t\t\t<\/div>\n\t\t\t\t<div class=\"elementor-element elementor-element-cbb1d2f elementor-hidden-tablet elementor-hidden-mobile elementor-widget elementor-widget-spacer\" data-id=\"cbb1d2f\" data-element_type=\"widget\" data-e-type=\"widget\" data-widget_type=\"spacer.default\">\n\t\t\t\t<div class=\"elementor-widget-container\">\n\t\t\t\t\t\t\t<div class=\"elementor-spacer\">\n\t\t\t<div class=\"elementor-spacer-inner\"><\/div>\n\t\t<\/div>\n\t\t\t\t\t\t<\/div>\n\t\t\t\t<\/div>\n\t\t\t\t<div class=\"elementor-element elementor-element-04cb2cf elementor-hidden-desktop elementor-widget elementor-widget-spacer\" data-id=\"04cb2cf\" data-element_type=\"widget\" data-e-type=\"widget\" data-widget_type=\"spacer.default\">\n\t\t\t\t<div class=\"elementor-widget-container\">\n\t\t\t\t\t\t\t<div class=\"elementor-spacer\">\n\t\t\t<div class=\"elementor-spacer-inner\"><\/div>\n\t\t<\/div>\n\t\t\t\t\t\t<\/div>\n\t\t\t\t<\/div>\n\t\t\t\t<div class=\"elementor-element elementor-element-aee975b elementor-hidden-desktop elementor-widget elementor-widget-heading\" data-id=\"aee975b\" data-element_type=\"widget\" data-e-type=\"widget\" data-settings=\"{&quot;_animation_mobile&quot;:&quot;none&quot;}\" data-widget_type=\"heading.default\">\n\t\t\t\t<div class=\"elementor-widget-container\">\n\t\t\t\t\t<h2 class=\"elementor-heading-title elementor-size-default\">Bugatti Veyron \u2013 Audio- und Klimabedienung.<\/h2>\t\t\t\t<\/div>\n\t\t\t\t<\/div>\n\t\t\t\t<div class=\"elementor-element elementor-element-2f6b8a8 elementor-hidden-desktop elementor-widget-divider--view-line elementor-widget elementor-widget-divider\" data-id=\"2f6b8a8\" data-element_type=\"widget\" data-e-type=\"widget\" data-widget_type=\"divider.default\">\n\t\t\t\t<div class=\"elementor-widget-container\">\n\t\t\t\t\t\t\t<div class=\"elementor-divider\">\n\t\t\t<span class=\"elementor-divider-separator\">\n\t\t\t\t\t\t<\/span>\n\t\t<\/div>\n\t\t\t\t\t\t<\/div>\n\t\t\t\t<\/div>\n\t\t\t\t<div class=\"elementor-element elementor-element-e4f6269 elementor-widget elementor-widget-spacer\" data-id=\"e4f6269\" data-element_type=\"widget\" data-e-type=\"widget\" data-widget_type=\"spacer.default\">\n\t\t\t\t<div class=\"elementor-widget-container\">\n\t\t\t\t\t\t\t<div class=\"elementor-spacer\">\n\t\t\t<div class=\"elementor-spacer-inner\"><\/div>\n\t\t<\/div>\n\t\t\t\t\t\t<\/div>\n\t\t\t\t<\/div>\n\t\t\t\t<div class=\"elementor-element elementor-element-f718a9e elementor-widget elementor-widget-image\" data-id=\"f718a9e\" data-element_type=\"widget\" data-e-type=\"widget\" data-widget_type=\"image.default\">\n\t\t\t\t<div class=\"elementor-widget-container\">\n\t\t\t\t\t\t\t\t\t\t\t\t\t\t\t<img loading=\"lazy\" decoding=\"async\" width=\"768\" height=\"768\" src=\"https:\/\/d-tom.com\/wp-content\/uploads\/2025\/11\/upscaler-Bugatti-001-2x-768x768.jpg\" class=\"attachment-medium_large size-medium_large wp-image-38534\" alt=\"\" srcset=\"https:\/\/d-tom.com\/wp-content\/uploads\/2025\/11\/upscaler-Bugatti-001-2x-768x768.jpg 768w, https:\/\/d-tom.com\/wp-content\/uploads\/2025\/11\/upscaler-Bugatti-001-2x-300x300.jpg 300w, https:\/\/d-tom.com\/wp-content\/uploads\/2025\/11\/upscaler-Bugatti-001-2x-1080x1080.jpg 1080w, https:\/\/d-tom.com\/wp-content\/uploads\/2025\/11\/upscaler-Bugatti-001-2x-150x150.jpg 150w, https:\/\/d-tom.com\/wp-content\/uploads\/2025\/11\/upscaler-Bugatti-001-2x-1536x1536.jpg 1536w, https:\/\/d-tom.com\/wp-content\/uploads\/2025\/11\/upscaler-Bugatti-001-2x-2048x2048.jpg 2048w, https:\/\/d-tom.com\/wp-content\/uploads\/2025\/11\/upscaler-Bugatti-001-2x-12x12.jpg 12w, https:\/\/d-tom.com\/wp-content\/uploads\/2025\/11\/upscaler-Bugatti-001-2x-650x650.jpg 650w, https:\/\/d-tom.com\/wp-content\/uploads\/2025\/11\/upscaler-Bugatti-001-2x-1300x1300.jpg 1300w\" sizes=\"auto, (max-width: 768px) 100vw, 768px\" \/>\t\t\t\t\t\t\t\t\t\t\t\t\t\t\t<\/div>\n\t\t\t\t<\/div>\n\t\t\t\t<div class=\"elementor-element elementor-element-d752382 elementor-widget elementor-widget-spacer\" data-id=\"d752382\" data-element_type=\"widget\" data-e-type=\"widget\" data-widget_type=\"spacer.default\">\n\t\t\t\t<div class=\"elementor-widget-container\">\n\t\t\t\t\t\t\t<div class=\"elementor-spacer\">\n\t\t\t<div class=\"elementor-spacer-inner\"><\/div>\n\t\t<\/div>\n\t\t\t\t\t\t<\/div>\n\t\t\t\t<\/div>\n\t\t\t\t<div class=\"elementor-element elementor-element-ccc7c44 elementor-widget elementor-widget-text-editor\" data-id=\"ccc7c44\" data-element_type=\"widget\" data-e-type=\"widget\" data-widget_type=\"text-editor.default\">\n\t\t\t\t<div class=\"elementor-widget-container\">\n\t\t\t\t\t\t\t\t\t<p>Eine Bedieneinheit, die historische Markenidentit\u00e4t, mechanische Pr\u00e4zision und Hochgeschwindigkeits-Ergonomie in einer Oberfl\u00e4che zusammenf\u00fchrt.<\/p>\t\t\t\t\t\t\t\t<\/div>\n\t\t\t\t<\/div>\n\t\t\t\t<div class=\"elementor-element elementor-element-846ae67 elementor-widget elementor-widget-spacer\" data-id=\"846ae67\" data-element_type=\"widget\" data-e-type=\"widget\" data-widget_type=\"spacer.default\">\n\t\t\t\t<div class=\"elementor-widget-container\">\n\t\t\t\t\t\t\t<div class=\"elementor-spacer\">\n\t\t\t<div class=\"elementor-spacer-inner\"><\/div>\n\t\t<\/div>\n\t\t\t\t\t\t<\/div>\n\t\t\t\t<\/div>\n\t\t\t\t<div class=\"elementor-element elementor-element-d86d5e1 elementor-widget elementor-widget-text-editor\" data-id=\"d86d5e1\" data-element_type=\"widget\" data-e-type=\"widget\" data-widget_type=\"text-editor.default\">\n\t\t\t\t<div class=\"elementor-widget-container\">\n\t\t\t\t\t\t\t\t\t<p data-start=\"6756\" data-end=\"7023\"><strong data-start=\"6756\" data-end=\"6775\">Herausforderung<\/strong><br data-start=\"6775\" data-end=\"6778\" \/>Die Gestaltung musste an die klassische Glanzzeit Bugattis ankn\u00fcpfen und zugleich den fahrdynamischen Anforderungen eines 400-km\/h-Fahrzeugs gerecht werden. Minimale Ablenkung, sichere Bedienbarkeit und haptische Wertkommunikation waren zentral.<\/p><p data-start=\"7025\" data-end=\"7314\"><strong data-start=\"7025\" data-end=\"7039\">Gestaltung<\/strong><br data-start=\"7039\" data-end=\"7042\" \/>Entwicklung einer sich in die Mittelkonsole integrierenden, doppelten Bedieneinheit mit Referenzen an klassische Bugatti-Instrumententafeln. Gro\u00dfdimensionierte, pr\u00e4zise gearbeitete Bedienelemente, hochwertige Metalloberfl\u00e4chen und definierte Widerstands- und Rastmomente erm\u00f6glichen sichere Bedienung auch ohne Blickkontakt.<\/p><p data-start=\"7316\" data-end=\"7559\"><strong data-start=\"7316\" data-end=\"7327\">Wirkung<\/strong><br data-start=\"7327\" data-end=\"7330\" \/>Eine Bedieneinheit, in der Funktion, Material und Mechanik zu einer sinnlich erfahrbaren Ingenieurskultur verschmelzen. Die haptische Qualit\u00e4t kommuniziert Wert unmittelbar \u00fcber die Ber\u00fchrung \u2013 im Fahrbetrieb ebenso wie im Stand.<\/p><p data-start=\"7316\" data-end=\"7559\">\u00a0<\/p>\t\t\t\t\t\t\t\t<\/div>\n\t\t\t\t<\/div>\n\t\t\t\t<div class=\"elementor-element elementor-element-081b73c elementor-widget elementor-widget-spacer\" data-id=\"081b73c\" data-element_type=\"widget\" data-e-type=\"widget\" data-widget_type=\"spacer.default\">\n\t\t\t\t<div class=\"elementor-widget-container\">\n\t\t\t\t\t\t\t<div class=\"elementor-spacer\">\n\t\t\t<div class=\"elementor-spacer-inner\"><\/div>\n\t\t<\/div>\n\t\t\t\t\t\t<\/div>\n\t\t\t\t<\/div>\n\t\t\t\t<div class=\"elementor-element elementor-element-f58ee15 elementor-widget elementor-widget-spacer\" data-id=\"f58ee15\" data-element_type=\"widget\" data-e-type=\"widget\" data-widget_type=\"spacer.default\">\n\t\t\t\t<div class=\"elementor-widget-container\">\n\t\t\t\t\t\t\t<div class=\"elementor-spacer\">\n\t\t\t<div class=\"elementor-spacer-inner\"><\/div>\n\t\t<\/div>\n\t\t\t\t\t\t<\/div>\n\t\t\t\t<\/div>\n\t\t\t\t<\/div>\n\t\t\t\t<div class=\"elementor-element elementor-element-12a1e75 elementor-widget elementor-widget-spacer\" data-id=\"12a1e75\" data-element_type=\"widget\" data-e-type=\"widget\" data-widget_type=\"spacer.default\">\n\t\t\t\t<div class=\"elementor-widget-container\">\n\t\t\t\t\t\t\t<div class=\"elementor-spacer\">\n\t\t\t<div class=\"elementor-spacer-inner\"><\/div>\n\t\t<\/div>\n\t\t\t\t\t\t<\/div>\n\t\t\t\t<\/div>\n\t\t<div class=\"elementor-element elementor-element-b217456 e-con-full elementor-hidden-desktop e-flex e-con e-child\" data-id=\"b217456\" data-element_type=\"container\" data-e-type=\"container\">\n\t\t\t\t<div class=\"elementor-element elementor-element-f38f998 elementor-widget-mobile__width-initial elementor-widget elementor-widget-button\" data-id=\"f38f998\" data-element_type=\"widget\" data-e-type=\"widget\" data-widget_type=\"button.default\">\n\t\t\t\t<div class=\"elementor-widget-container\">\n\t\t\t\t\t\t\t\t\t<div class=\"elementor-button-wrapper\">\n\t\t\t\t\t<a class=\"elementor-button elementor-button-link elementor-size-sm\" href=\"\/fallbeispielegrid\/\">\n\t\t\t\t\t\t<span class=\"elementor-button-content-wrapper\">\n\t\t\t\t\t\t\t\t\t<span class=\"elementor-button-text\">zur\u00fcck<\/span>\n\t\t\t\t\t<\/span>\n\t\t\t\t\t<\/a>\n\t\t\t\t<\/div>\n\t\t\t\t\t\t\t\t<\/div>\n\t\t\t\t<\/div>\n\t\t\t\t<\/div>\n\t\t\t\t<\/div>\n\t\t\t\t<\/div>\n\t\t\t\t<\/div>\n\t\t\t\t<\/div>\n\t\t","protected":false},"excerpt":{"rendered":"<p>[d]tom Industrial Design 07 Automotive Interior Bugatti Veyron \u2013 Audio- und Klimabedienung. Eine Bedieneinheit, die historische Markenidentit\u00e4t, mechanische Pr\u00e4zision und Hochgeschwindigkeits-Ergonomie in einer Oberfl\u00e4che zusammenf\u00fchrt. HerausforderungDie Gestaltung musste an die klassische Glanzzeit Bugattis ankn\u00fcpfen und zugleich den fahrdynamischen Anforderungen eines 400-km\/h-Fahrzeugs gerecht werden. Minimale Ablenkung, sichere Bedienbarkeit und haptische Wertkommunikation waren zentral. GestaltungEntwicklung einer sich [&hellip;]<\/p>\n","protected":false},"author":1,"featured_media":38534,"parent":0,"menu_order":0,"comment_status":"closed","ping_status":"closed","template":"elementor_header_footer","meta":{"footnotes":""},"class_list":["post-43621","page","type-page","status-publish","has-post-thumbnail","hentry"],"_links":{"self":[{"href":"https:\/\/d-tom.com\/en\/wp-json\/wp\/v2\/pages\/43621","targetHints":{"allow":["GET"]}}],"collection":[{"href":"https:\/\/d-tom.com\/en\/wp-json\/wp\/v2\/pages"}],"about":[{"href":"https:\/\/d-tom.com\/en\/wp-json\/wp\/v2\/types\/page"}],"author":[{"embeddable":true,"href":"https:\/\/d-tom.com\/en\/wp-json\/wp\/v2\/users\/1"}],"replies":[{"embeddable":true,"href":"https:\/\/d-tom.com\/en\/wp-json\/wp\/v2\/comments?post=43621"}],"version-history":[{"count":0,"href":"https:\/\/d-tom.com\/en\/wp-json\/wp\/v2\/pages\/43621\/revisions"}],"wp:featuredmedia":[{"embeddable":true,"href":"https:\/\/d-tom.com\/en\/wp-json\/wp\/v2\/media\/38534"}],"wp:attachment":[{"href":"https:\/\/d-tom.com\/en\/wp-json\/wp\/v2\/media?parent=43621"}],"curies":[{"name":"wp","href":"https:\/\/api.w.org\/{rel}","templated":true}]}}