{"id":43594,"date":"2026-03-04T13:47:55","date_gmt":"2026-03-04T12:47:55","guid":{"rendered":"https:\/\/d-tom.com\/?page_id=43594"},"modified":"2026-03-14T16:14:45","modified_gmt":"2026-03-14T15:14:45","slug":"04-smart-heating","status":"publish","type":"page","link":"https:\/\/d-tom.com\/en\/04-smart-heating\/","title":{"rendered":"04 Smart Heating"},"content":{"rendered":"\t\t<div data-elementor-type=\"wp-page\" data-elementor-id=\"43594\" class=\"elementor elementor-43594\" data-elementor-post-type=\"page\">\n\t\t\t\t<div class=\"elementor-element elementor-element-47e3e6f e-con-full elementor-hidden-tablet elementor-hidden-mobile e-flex e-con e-parent\" data-id=\"47e3e6f\" data-element_type=\"container\" data-e-type=\"container\" data-settings=\"{&quot;background_background&quot;:&quot;classic&quot;,&quot;animation&quot;:&quot;none&quot;}\">\n\t\t<div class=\"elementor-element elementor-element-3f1ba3d e-con-full e-flex e-con e-child\" data-id=\"3f1ba3d\" data-element_type=\"container\" data-e-type=\"container\">\n\t\t<div class=\"elementor-element elementor-element-00f4593 e-con-full e-flex e-con e-child\" data-id=\"00f4593\" data-element_type=\"container\" data-e-type=\"container\">\n\t\t<div class=\"elementor-element elementor-element-d2d00a2 e-con-full hero-left-top e-flex e-con e-child\" data-id=\"d2d00a2\" data-element_type=\"container\" data-e-type=\"container\">\n\t\t\t\t<div class=\"elementor-element elementor-element-7743349 elementor-widget elementor-widget-heading\" data-id=\"7743349\" data-element_type=\"widget\" data-e-type=\"widget\" data-settings=\"{&quot;_animation_mobile&quot;:&quot;none&quot;}\" data-widget_type=\"heading.default\">\n\t\t\t\t<div class=\"elementor-widget-container\">\n\t\t\t\t\t<h2 class=\"elementor-heading-title elementor-size-default\"><strong>[d]tom<\/strong> Industrial Design<\/h2>\t\t\t\t<\/div>\n\t\t\t\t<\/div>\n\t\t\t\t<div class=\"elementor-element elementor-element-7d32eec elementor-widget__width-inherit elementor-widget elementor-widget-heading\" data-id=\"7d32eec\" data-element_type=\"widget\" data-e-type=\"widget\" data-settings=\"{&quot;_animation_mobile&quot;:&quot;none&quot;}\" data-widget_type=\"heading.default\">\n\t\t\t\t<div class=\"elementor-widget-container\">\n\t\t\t\t\t<h2 class=\"elementor-heading-title elementor-size-default\">04   Smart Heating.<\/h2>\t\t\t\t<\/div>\n\t\t\t\t<\/div>\n\t\t\t\t<div class=\"elementor-element elementor-element-bdc3ff2 elementor-widget elementor-widget-spacer\" data-id=\"bdc3ff2\" data-element_type=\"widget\" data-e-type=\"widget\" data-widget_type=\"spacer.default\">\n\t\t\t\t<div class=\"elementor-widget-container\">\n\t\t\t\t\t\t\t<div class=\"elementor-spacer\">\n\t\t\t<div class=\"elementor-spacer-inner\"><\/div>\n\t\t<\/div>\n\t\t\t\t\t\t<\/div>\n\t\t\t\t<\/div>\n\t\t\t\t<div class=\"elementor-element elementor-element-e0e0ed0 elementor-widget-divider--view-line elementor-widget elementor-widget-divider\" data-id=\"e0e0ed0\" data-element_type=\"widget\" data-e-type=\"widget\" data-widget_type=\"divider.default\">\n\t\t\t\t<div class=\"elementor-widget-container\">\n\t\t\t\t\t\t\t<div class=\"elementor-divider\">\n\t\t\t<span class=\"elementor-divider-separator\">\n\t\t\t\t\t\t<\/span>\n\t\t<\/div>\n\t\t\t\t\t\t<\/div>\n\t\t\t\t<\/div>\n\t\t\t\t<div class=\"elementor-element elementor-element-706ecd3 elementor-hidden-tablet elementor-hidden-mobile elementor-widget elementor-widget-heading\" data-id=\"706ecd3\" data-element_type=\"widget\" data-e-type=\"widget\" data-settings=\"{&quot;_animation_mobile&quot;:&quot;none&quot;}\" data-widget_type=\"heading.default\">\n\t\t\t\t<div class=\"elementor-widget-container\">\n\t\t\t\t\t<h2 class=\"elementor-heading-title elementor-size-default\">Schneider Electric \/ Wiser \/ Eberle \/ Drayton \u2013- Vernetzte Heizungssteuerung zum Nachr\u00fcsten.<\/h2>\t\t\t\t<\/div>\n\t\t\t\t<\/div>\n\t\t\t\t<div class=\"elementor-element elementor-element-b28910e elementor-widget elementor-widget-spacer\" data-id=\"b28910e\" data-element_type=\"widget\" data-e-type=\"widget\" data-widget_type=\"spacer.default\">\n\t\t\t\t<div class=\"elementor-widget-container\">\n\t\t\t\t\t\t\t<div class=\"elementor-spacer\">\n\t\t\t<div class=\"elementor-spacer-inner\"><\/div>\n\t\t<\/div>\n\t\t\t\t\t\t<\/div>\n\t\t\t\t<\/div>\n\t\t\t\t<div class=\"elementor-element elementor-element-c6066e4 elementor-hidden-tablet elementor-hidden-mobile elementor-widget elementor-widget-heading\" data-id=\"c6066e4\" data-element_type=\"widget\" data-e-type=\"widget\" data-settings=\"{&quot;_animation_mobile&quot;:&quot;none&quot;}\" data-widget_type=\"heading.default\">\n\t\t\t\t<div class=\"elementor-widget-container\">\n\t\t\t\t\t<h2 class=\"elementor-heading-title elementor-size-default\">Ein modulares Smart-Heating-System mit Hub, Raumcontroller und Heizk\u00f6rperthermostaten zur intelligenten Steuerung bestehender Heizungsanlagen.\n\n<\/h2>\t\t\t\t<\/div>\n\t\t\t\t<\/div>\n\t\t\t\t<div class=\"elementor-element elementor-element-48aca61 elementor-widget elementor-widget-spacer\" data-id=\"48aca61\" data-element_type=\"widget\" data-e-type=\"widget\" data-widget_type=\"spacer.default\">\n\t\t\t\t<div class=\"elementor-widget-container\">\n\t\t\t\t\t\t\t<div class=\"elementor-spacer\">\n\t\t\t<div class=\"elementor-spacer-inner\"><\/div>\n\t\t<\/div>\n\t\t\t\t\t\t<\/div>\n\t\t\t\t<\/div>\n\t\t\t\t<div class=\"elementor-element elementor-element-61775cf elementor-widget elementor-widget-text-editor\" data-id=\"61775cf\" data-element_type=\"widget\" data-e-type=\"widget\" data-widget_type=\"text-editor.default\">\n\t\t\t\t<div class=\"elementor-widget-container\">\n\t\t\t\t\t\t\t\t\t<p data-start=\"706\" data-end=\"942\"><span style=\"text-decoration: underline;\"><strong data-start=\"706\" data-end=\"725\">Herausforderung<\/strong><\/span><br data-start=\"725\" data-end=\"728\" \/>Hohe technologische Komplexit\u00e4t im Hintergrund, gleichzeitig Einsatz im sensiblen Wohnumfeld. Die Systeme sollten f\u00fcr technikaffine wie auch technikferne Nutzer verst\u00e4ndlich, zug\u00e4nglich und vertrauensw\u00fcrdig wirken.<\/p><p data-start=\"944\" data-end=\"1173\"><span style=\"text-decoration: underline;\"><strong data-start=\"944\" data-end=\"958\">Gestaltung<\/strong><\/span><br data-start=\"958\" data-end=\"961\" \/>Entwicklung einer klaren, ruhigen Formensprache \u00fcber alle Systemkomponenten hinweg. Reduzierte, wohnraumtaugliche Geometrien und ein einfach verst\u00e4ndliches und vertrautes Bedienkonzept mit Drehsteuerung am Heizk\u00f6rperthermostat.<\/p><p data-start=\"944\" data-end=\"1173\"><span style=\"text-decoration: underline;\"><strong data-start=\"1193\" data-end=\"1204\">Wirkung<\/strong><\/span><br data-start=\"1204\" data-end=\"1207\" \/>Komplexe Smart-Home-Technologie wird in eine intuitive und wohnraumtaugliche Interaktion \u00fcbersetzt. Die reduzierte Gestaltung senkt Hemmschwellen, f\u00f6rdert Akzeptanz und macht vernetzte Heizungssteuerung alltagstauglich.<\/p>\t\t\t\t\t\t\t\t<\/div>\n\t\t\t\t<\/div>\n\t\t\t\t<div class=\"elementor-element elementor-element-49e0bd3 elementor-widget elementor-widget-spacer\" data-id=\"49e0bd3\" data-element_type=\"widget\" data-e-type=\"widget\" data-widget_type=\"spacer.default\">\n\t\t\t\t<div class=\"elementor-widget-container\">\n\t\t\t\t\t\t\t<div class=\"elementor-spacer\">\n\t\t\t<div class=\"elementor-spacer-inner\"><\/div>\n\t\t<\/div>\n\t\t\t\t\t\t<\/div>\n\t\t\t\t<\/div>\n\t\t\t\t<\/div>\n\t\t<div class=\"elementor-element elementor-element-6de4348 e-con-full elementor-hidden-tablet elementor-hidden-mobile hero-left-bottom e-flex e-con e-child\" data-id=\"6de4348\" data-element_type=\"container\" data-e-type=\"container\">\n\t\t\t\t<div class=\"elementor-element elementor-element-9cfed23 elementor-widget-mobile__width-initial elementor-widget elementor-widget-button\" data-id=\"9cfed23\" data-element_type=\"widget\" data-e-type=\"widget\" data-widget_type=\"button.default\">\n\t\t\t\t<div class=\"elementor-widget-container\">\n\t\t\t\t\t\t\t\t\t<div class=\"elementor-button-wrapper\">\n\t\t\t\t\t<a class=\"elementor-button elementor-button-link elementor-size-sm\" href=\"\/fallbeispielegrid\/\">\n\t\t\t\t\t\t<span class=\"elementor-button-content-wrapper\">\n\t\t\t\t\t\t\t\t\t<span class=\"elementor-button-text\">Zur\u00fcck<\/span>\n\t\t\t\t\t<\/span>\n\t\t\t\t\t<\/a>\n\t\t\t\t<\/div>\n\t\t\t\t\t\t\t\t<\/div>\n\t\t\t\t<\/div>\n\t\t\t\t<\/div>\n\t\t\t\t<div class=\"elementor-element elementor-element-f318801 elementor-widget elementor-widget-spacer\" data-id=\"f318801\" data-element_type=\"widget\" data-e-type=\"widget\" data-widget_type=\"spacer.default\">\n\t\t\t\t<div class=\"elementor-widget-container\">\n\t\t\t\t\t\t\t<div class=\"elementor-spacer\">\n\t\t\t<div class=\"elementor-spacer-inner\"><\/div>\n\t\t<\/div>\n\t\t\t\t\t\t<\/div>\n\t\t\t\t<\/div>\n\t\t\t\t<\/div>\n\t\t<div class=\"elementor-element elementor-element-42877e7 e-con-full e-flex e-con e-child\" data-id=\"42877e7\" data-element_type=\"container\" data-e-type=\"container\" data-settings=\"{&quot;background_background&quot;:&quot;classic&quot;}\">\n\t\t\t\t<\/div>\n\t\t\t\t<\/div>\n\t\t\t\t<\/div>\n\t\t<div class=\"elementor-element elementor-element-1dd69de e-con-full elementor-hidden-desktop e-flex e-con e-parent\" data-id=\"1dd69de\" data-element_type=\"container\" data-e-type=\"container\" data-settings=\"{&quot;background_background&quot;:&quot;classic&quot;,&quot;animation&quot;:&quot;none&quot;}\">\n\t\t<div class=\"elementor-element elementor-element-c7206fa e-con-full e-flex e-con e-child\" data-id=\"c7206fa\" data-element_type=\"container\" data-e-type=\"container\">\n\t\t<div class=\"elementor-element elementor-element-a601c44 e-con-full e-flex e-con e-child\" data-id=\"a601c44\" data-element_type=\"container\" data-e-type=\"container\">\n\t\t<div class=\"elementor-element elementor-element-bf94026 e-con-full hero-left-top e-flex e-con e-child\" data-id=\"bf94026\" data-element_type=\"container\" data-e-type=\"container\">\n\t\t\t\t<div class=\"elementor-element elementor-element-f7531ed elementor-widget elementor-widget-heading\" data-id=\"f7531ed\" data-element_type=\"widget\" data-e-type=\"widget\" data-settings=\"{&quot;_animation_mobile&quot;:&quot;none&quot;}\" data-widget_type=\"heading.default\">\n\t\t\t\t<div class=\"elementor-widget-container\">\n\t\t\t\t\t<h2 class=\"elementor-heading-title elementor-size-default\"><strong>[d]tom<\/strong> Industrial Design<\/h2>\t\t\t\t<\/div>\n\t\t\t\t<\/div>\n\t\t\t\t<div class=\"elementor-element elementor-element-086bda3 elementor-widget__width-inherit elementor-widget elementor-widget-heading\" data-id=\"086bda3\" data-element_type=\"widget\" data-e-type=\"widget\" data-settings=\"{&quot;_animation_mobile&quot;:&quot;none&quot;}\" data-widget_type=\"heading.default\">\n\t\t\t\t<div class=\"elementor-widget-container\">\n\t\t\t\t\t<h2 class=\"elementor-heading-title elementor-size-default\">04   Smart Heating.<\/h2>\t\t\t\t<\/div>\n\t\t\t\t<\/div>\n\t\t\t\t<div class=\"elementor-element elementor-element-76a7474 elementor-hidden-tablet elementor-hidden-mobile elementor-widget elementor-widget-spacer\" data-id=\"76a7474\" data-element_type=\"widget\" data-e-type=\"widget\" data-widget_type=\"spacer.default\">\n\t\t\t\t<div class=\"elementor-widget-container\">\n\t\t\t\t\t\t\t<div class=\"elementor-spacer\">\n\t\t\t<div class=\"elementor-spacer-inner\"><\/div>\n\t\t<\/div>\n\t\t\t\t\t\t<\/div>\n\t\t\t\t<\/div>\n\t\t\t\t<div class=\"elementor-element elementor-element-514541d elementor-hidden-desktop elementor-widget elementor-widget-spacer\" data-id=\"514541d\" data-element_type=\"widget\" data-e-type=\"widget\" data-widget_type=\"spacer.default\">\n\t\t\t\t<div class=\"elementor-widget-container\">\n\t\t\t\t\t\t\t<div class=\"elementor-spacer\">\n\t\t\t<div class=\"elementor-spacer-inner\"><\/div>\n\t\t<\/div>\n\t\t\t\t\t\t<\/div>\n\t\t\t\t<\/div>\n\t\t\t\t<div class=\"elementor-element elementor-element-31dc57e elementor-hidden-desktop elementor-widget elementor-widget-heading\" data-id=\"31dc57e\" data-element_type=\"widget\" data-e-type=\"widget\" data-settings=\"{&quot;_animation_mobile&quot;:&quot;none&quot;}\" data-widget_type=\"heading.default\">\n\t\t\t\t<div class=\"elementor-widget-container\">\n\t\t\t\t\t<h2 class=\"elementor-heading-title elementor-size-default\">Schneider Electric \/ Wiser \/ Eberle \/ Drayton \u2013- Vernetzte Heizungssteuerung zum Nachr\u00fcsten.<\/h2>\t\t\t\t<\/div>\n\t\t\t\t<\/div>\n\t\t\t\t<div class=\"elementor-element elementor-element-bd1e4d0 elementor-hidden-desktop elementor-widget-divider--view-line elementor-widget elementor-widget-divider\" data-id=\"bd1e4d0\" data-element_type=\"widget\" data-e-type=\"widget\" data-widget_type=\"divider.default\">\n\t\t\t\t<div class=\"elementor-widget-container\">\n\t\t\t\t\t\t\t<div class=\"elementor-divider\">\n\t\t\t<span class=\"elementor-divider-separator\">\n\t\t\t\t\t\t<\/span>\n\t\t<\/div>\n\t\t\t\t\t\t<\/div>\n\t\t\t\t<\/div>\n\t\t\t\t<div class=\"elementor-element elementor-element-98b64b4 elementor-widget elementor-widget-spacer\" data-id=\"98b64b4\" data-element_type=\"widget\" data-e-type=\"widget\" data-widget_type=\"spacer.default\">\n\t\t\t\t<div class=\"elementor-widget-container\">\n\t\t\t\t\t\t\t<div class=\"elementor-spacer\">\n\t\t\t<div class=\"elementor-spacer-inner\"><\/div>\n\t\t<\/div>\n\t\t\t\t\t\t<\/div>\n\t\t\t\t<\/div>\n\t\t\t\t<div class=\"elementor-element elementor-element-037f932 elementor-widget elementor-widget-image\" data-id=\"037f932\" data-element_type=\"widget\" data-e-type=\"widget\" data-widget_type=\"image.default\">\n\t\t\t\t<div class=\"elementor-widget-container\">\n\t\t\t\t\t\t\t\t\t\t\t\t\t\t\t<img loading=\"lazy\" decoding=\"async\" width=\"768\" height=\"964\" src=\"https:\/\/d-tom.com\/wp-content\/uploads\/2026\/03\/Wiser-002-768x964.jpg\" class=\"attachment-medium_large size-medium_large wp-image-43392\" alt=\"\" srcset=\"https:\/\/d-tom.com\/wp-content\/uploads\/2026\/03\/Wiser-002-768x964.jpg 768w, https:\/\/d-tom.com\/wp-content\/uploads\/2026\/03\/Wiser-002-239x300.jpg 239w, https:\/\/d-tom.com\/wp-content\/uploads\/2026\/03\/Wiser-002-861x1080.jpg 861w, https:\/\/d-tom.com\/wp-content\/uploads\/2026\/03\/Wiser-002-1224x1536.jpg 1224w, https:\/\/d-tom.com\/wp-content\/uploads\/2026\/03\/Wiser-002-10x12.jpg 10w, https:\/\/d-tom.com\/wp-content\/uploads\/2026\/03\/Wiser-002.jpg 1275w\" sizes=\"auto, (max-width: 768px) 100vw, 768px\" \/>\t\t\t\t\t\t\t\t\t\t\t\t\t\t\t<\/div>\n\t\t\t\t<\/div>\n\t\t\t\t<div class=\"elementor-element elementor-element-cffa8af elementor-widget elementor-widget-spacer\" data-id=\"cffa8af\" data-element_type=\"widget\" data-e-type=\"widget\" data-widget_type=\"spacer.default\">\n\t\t\t\t<div class=\"elementor-widget-container\">\n\t\t\t\t\t\t\t<div class=\"elementor-spacer\">\n\t\t\t<div class=\"elementor-spacer-inner\"><\/div>\n\t\t<\/div>\n\t\t\t\t\t\t<\/div>\n\t\t\t\t<\/div>\n\t\t\t\t<div class=\"elementor-element elementor-element-5955448 elementor-widget elementor-widget-text-editor\" data-id=\"5955448\" data-element_type=\"widget\" data-e-type=\"widget\" data-widget_type=\"text-editor.default\">\n\t\t\t\t<div class=\"elementor-widget-container\">\n\t\t\t\t\t\t\t\t\t<p>Ein modulares Smart-Heating-System mit Hub, Raumcontroller und Heizk\u00f6rperthermostaten zur intelligenten Steuerung bestehender Heizungsanlagen.<\/p><p>\u00a0<\/p>\t\t\t\t\t\t\t\t<\/div>\n\t\t\t\t<\/div>\n\t\t\t\t<div class=\"elementor-element elementor-element-037db81 elementor-widget elementor-widget-spacer\" data-id=\"037db81\" data-element_type=\"widget\" data-e-type=\"widget\" data-widget_type=\"spacer.default\">\n\t\t\t\t<div class=\"elementor-widget-container\">\n\t\t\t\t\t\t\t<div class=\"elementor-spacer\">\n\t\t\t<div class=\"elementor-spacer-inner\"><\/div>\n\t\t<\/div>\n\t\t\t\t\t\t<\/div>\n\t\t\t\t<\/div>\n\t\t\t\t<div class=\"elementor-element elementor-element-650ad71 elementor-widget elementor-widget-text-editor\" data-id=\"650ad71\" data-element_type=\"widget\" data-e-type=\"widget\" data-widget_type=\"text-editor.default\">\n\t\t\t\t<div class=\"elementor-widget-container\">\n\t\t\t\t\t\t\t\t\t<p data-start=\"706\" data-end=\"942\"><span style=\"text-decoration: underline;\"><strong data-start=\"706\" data-end=\"725\">Herausforderung<\/strong><\/span><br data-start=\"725\" data-end=\"728\" \/>Hohe technologische Komplexit\u00e4t im Hintergrund, gleichzeitig Einsatz im sensiblen Wohnumfeld. Die Systeme sollten f\u00fcr technikaffine wie auch technikferne Nutzer verst\u00e4ndlich, zug\u00e4nglich und vertrauensw\u00fcrdig wirken.<\/p><p data-start=\"944\" data-end=\"1173\"><span style=\"text-decoration: underline;\"><strong data-start=\"944\" data-end=\"958\">Gestaltung<\/strong><\/span><br data-start=\"958\" data-end=\"961\" \/>Entwicklung einer klaren, ruhigen Formensprache \u00fcber alle Systemkomponenten hinweg. Reduzierte, wohnraumtaugliche Geometrien und ein einfach verst\u00e4ndliches und vertrautes Bedienkonzept mit Drehsteuerung am Heizk\u00f6rperthermostat.<\/p><p data-start=\"944\" data-end=\"1173\"><span style=\"text-decoration: underline;\"><strong data-start=\"1193\" data-end=\"1204\">Wirkung<\/strong><\/span><br data-start=\"1204\" data-end=\"1207\" \/>Komplexe Smart-Home-Technologie wird in eine intuitive und wohnraumtaugliche Interaktion \u00fcbersetzt. Die reduzierte Gestaltung senkt Hemmschwellen, f\u00f6rdert Akzeptanz und macht vernetzte Heizungssteuerung alltagstauglich.<\/p>\t\t\t\t\t\t\t\t<\/div>\n\t\t\t\t<\/div>\n\t\t\t\t<div class=\"elementor-element elementor-element-9b3983a elementor-widget elementor-widget-spacer\" data-id=\"9b3983a\" data-element_type=\"widget\" data-e-type=\"widget\" data-widget_type=\"spacer.default\">\n\t\t\t\t<div class=\"elementor-widget-container\">\n\t\t\t\t\t\t\t<div class=\"elementor-spacer\">\n\t\t\t<div class=\"elementor-spacer-inner\"><\/div>\n\t\t<\/div>\n\t\t\t\t\t\t<\/div>\n\t\t\t\t<\/div>\n\t\t\t\t<div class=\"elementor-element elementor-element-87fe554 elementor-widget elementor-widget-spacer\" data-id=\"87fe554\" data-element_type=\"widget\" data-e-type=\"widget\" data-widget_type=\"spacer.default\">\n\t\t\t\t<div class=\"elementor-widget-container\">\n\t\t\t\t\t\t\t<div class=\"elementor-spacer\">\n\t\t\t<div class=\"elementor-spacer-inner\"><\/div>\n\t\t<\/div>\n\t\t\t\t\t\t<\/div>\n\t\t\t\t<\/div>\n\t\t\t\t<\/div>\n\t\t\t\t<div class=\"elementor-element elementor-element-255f9f1 elementor-widget elementor-widget-spacer\" data-id=\"255f9f1\" data-element_type=\"widget\" data-e-type=\"widget\" data-widget_type=\"spacer.default\">\n\t\t\t\t<div class=\"elementor-widget-container\">\n\t\t\t\t\t\t\t<div class=\"elementor-spacer\">\n\t\t\t<div class=\"elementor-spacer-inner\"><\/div>\n\t\t<\/div>\n\t\t\t\t\t\t<\/div>\n\t\t\t\t<\/div>\n\t\t<div class=\"elementor-element elementor-element-bf9e4b5 e-con-full elementor-hidden-desktop e-flex e-con e-child\" data-id=\"bf9e4b5\" data-element_type=\"container\" data-e-type=\"container\">\n\t\t\t\t<div class=\"elementor-element elementor-element-141530d elementor-widget-mobile__width-initial elementor-widget elementor-widget-button\" data-id=\"141530d\" data-element_type=\"widget\" data-e-type=\"widget\" data-widget_type=\"button.default\">\n\t\t\t\t<div class=\"elementor-widget-container\">\n\t\t\t\t\t\t\t\t\t<div class=\"elementor-button-wrapper\">\n\t\t\t\t\t<a class=\"elementor-button elementor-button-link elementor-size-sm\" href=\"\/fallbeispielegrid\/\">\n\t\t\t\t\t\t<span class=\"elementor-button-content-wrapper\">\n\t\t\t\t\t\t\t\t\t<span class=\"elementor-button-text\">zur\u00fcck<\/span>\n\t\t\t\t\t<\/span>\n\t\t\t\t\t<\/a>\n\t\t\t\t<\/div>\n\t\t\t\t\t\t\t\t<\/div>\n\t\t\t\t<\/div>\n\t\t\t\t<\/div>\n\t\t\t\t<\/div>\n\t\t\t\t<\/div>\n\t\t\t\t<\/div>\n\t\t\t\t<\/div>\n\t\t","protected":false},"excerpt":{"rendered":"<p>[d]tom Industrial Design 04 Smart Heating. Schneider Electric \/ Wiser \/ Eberle \/ Drayton \u2013- Vernetzte Heizungssteuerung zum Nachr\u00fcsten. Ein modulares Smart-Heating-System mit Hub, Raumcontroller und Heizk\u00f6rperthermostaten zur intelligenten Steuerung bestehender Heizungsanlagen. HerausforderungHohe technologische Komplexit\u00e4t im Hintergrund, gleichzeitig Einsatz im sensiblen Wohnumfeld. Die Systeme sollten f\u00fcr technikaffine wie auch technikferne Nutzer verst\u00e4ndlich, zug\u00e4nglich und vertrauensw\u00fcrdig [&hellip;]<\/p>\n","protected":false},"author":1,"featured_media":43392,"parent":0,"menu_order":0,"comment_status":"closed","ping_status":"closed","template":"elementor_header_footer","meta":{"footnotes":""},"class_list":["post-43594","page","type-page","status-publish","has-post-thumbnail","hentry"],"_links":{"self":[{"href":"https:\/\/d-tom.com\/en\/wp-json\/wp\/v2\/pages\/43594","targetHints":{"allow":["GET"]}}],"collection":[{"href":"https:\/\/d-tom.com\/en\/wp-json\/wp\/v2\/pages"}],"about":[{"href":"https:\/\/d-tom.com\/en\/wp-json\/wp\/v2\/types\/page"}],"author":[{"embeddable":true,"href":"https:\/\/d-tom.com\/en\/wp-json\/wp\/v2\/users\/1"}],"replies":[{"embeddable":true,"href":"https:\/\/d-tom.com\/en\/wp-json\/wp\/v2\/comments?post=43594"}],"version-history":[{"count":0,"href":"https:\/\/d-tom.com\/en\/wp-json\/wp\/v2\/pages\/43594\/revisions"}],"wp:featuredmedia":[{"embeddable":true,"href":"https:\/\/d-tom.com\/en\/wp-json\/wp\/v2\/media\/43392"}],"wp:attachment":[{"href":"https:\/\/d-tom.com\/en\/wp-json\/wp\/v2\/media?parent=43594"}],"curies":[{"name":"wp","href":"https:\/\/api.w.org\/{rel}","templated":true}]}}