{"id":43508,"date":"2026-03-04T11:59:40","date_gmt":"2026-03-04T10:59:40","guid":{"rendered":"https:\/\/d-tom.com\/?page_id=43508"},"modified":"2026-03-14T16:11:48","modified_gmt":"2026-03-14T15:11:48","slug":"02-assistive-technology","status":"publish","type":"page","link":"https:\/\/d-tom.com\/en\/02-assistive-technology\/","title":{"rendered":"02 Assistive Technology"},"content":{"rendered":"\t\t<div data-elementor-type=\"wp-page\" data-elementor-id=\"43508\" class=\"elementor elementor-43508\" data-elementor-post-type=\"page\">\n\t\t\t\t<div class=\"elementor-element elementor-element-1e0e355 e-con-full elementor-hidden-tablet elementor-hidden-mobile e-flex e-con e-parent\" data-id=\"1e0e355\" data-element_type=\"container\" data-e-type=\"container\" data-settings=\"{&quot;background_background&quot;:&quot;classic&quot;,&quot;animation&quot;:&quot;none&quot;}\">\n\t\t<div class=\"elementor-element elementor-element-588c119 e-con-full e-flex e-con e-child\" data-id=\"588c119\" data-element_type=\"container\" data-e-type=\"container\">\n\t\t<div class=\"elementor-element elementor-element-8a60d84 e-con-full e-flex e-con e-child\" data-id=\"8a60d84\" data-element_type=\"container\" data-e-type=\"container\">\n\t\t<div class=\"elementor-element elementor-element-36c0a2f e-con-full hero-left-top e-flex e-con e-child\" data-id=\"36c0a2f\" data-element_type=\"container\" data-e-type=\"container\">\n\t\t\t\t<div class=\"elementor-element elementor-element-88cb1fb elementor-widget elementor-widget-heading\" data-id=\"88cb1fb\" data-element_type=\"widget\" data-e-type=\"widget\" data-settings=\"{&quot;_animation_mobile&quot;:&quot;none&quot;}\" data-widget_type=\"heading.default\">\n\t\t\t\t<div class=\"elementor-widget-container\">\n\t\t\t\t\t<h2 class=\"elementor-heading-title elementor-size-default\"><strong>[d]tom<\/strong> Industrial Design<\/h2>\t\t\t\t<\/div>\n\t\t\t\t<\/div>\n\t\t\t\t<div class=\"elementor-element elementor-element-bfb943f elementor-widget__width-inherit elementor-widget elementor-widget-heading\" data-id=\"bfb943f\" data-element_type=\"widget\" data-e-type=\"widget\" data-settings=\"{&quot;_animation_mobile&quot;:&quot;none&quot;}\" data-widget_type=\"heading.default\">\n\t\t\t\t<div class=\"elementor-widget-container\">\n\t\t\t\t\t<h2 class=\"elementor-heading-title elementor-size-default\">02   Assistive Technology.<\/h2>\t\t\t\t<\/div>\n\t\t\t\t<\/div>\n\t\t\t\t<div class=\"elementor-element elementor-element-d5b49db elementor-widget elementor-widget-spacer\" data-id=\"d5b49db\" data-element_type=\"widget\" data-e-type=\"widget\" data-widget_type=\"spacer.default\">\n\t\t\t\t<div class=\"elementor-widget-container\">\n\t\t\t\t\t\t\t<div class=\"elementor-spacer\">\n\t\t\t<div class=\"elementor-spacer-inner\"><\/div>\n\t\t<\/div>\n\t\t\t\t\t\t<\/div>\n\t\t\t\t<\/div>\n\t\t\t\t<div class=\"elementor-element elementor-element-107d175 elementor-widget-divider--view-line elementor-widget elementor-widget-divider\" data-id=\"107d175\" data-element_type=\"widget\" data-e-type=\"widget\" data-widget_type=\"divider.default\">\n\t\t\t\t<div class=\"elementor-widget-container\">\n\t\t\t\t\t\t\t<div class=\"elementor-divider\">\n\t\t\t<span class=\"elementor-divider-separator\">\n\t\t\t\t\t\t<\/span>\n\t\t<\/div>\n\t\t\t\t\t\t<\/div>\n\t\t\t\t<\/div>\n\t\t\t\t<div class=\"elementor-element elementor-element-12a11fb elementor-hidden-tablet elementor-hidden-mobile elementor-widget elementor-widget-heading\" data-id=\"12a11fb\" data-element_type=\"widget\" data-e-type=\"widget\" data-settings=\"{&quot;_animation_mobile&quot;:&quot;none&quot;}\" data-widget_type=\"heading.default\">\n\t\t\t\t<div class=\"elementor-widget-container\">\n\t\t\t\t\t<h2 class=\"elementor-heading-title elementor-size-default\">ESCHENBACH vario digital FHD \u2013 Videoleseger\u00e4t f\u00fcr sehbeeintr\u00e4chtigte Anwender.<\/h2>\t\t\t\t<\/div>\n\t\t\t\t<\/div>\n\t\t\t\t<div class=\"elementor-element elementor-element-d5c1602 elementor-widget elementor-widget-spacer\" data-id=\"d5c1602\" data-element_type=\"widget\" data-e-type=\"widget\" data-widget_type=\"spacer.default\">\n\t\t\t\t<div class=\"elementor-widget-container\">\n\t\t\t\t\t\t\t<div class=\"elementor-spacer\">\n\t\t\t<div class=\"elementor-spacer-inner\"><\/div>\n\t\t<\/div>\n\t\t\t\t\t\t<\/div>\n\t\t\t\t<\/div>\n\t\t\t\t<div class=\"elementor-element elementor-element-5499190 elementor-hidden-tablet elementor-hidden-mobile elementor-widget elementor-widget-heading\" data-id=\"5499190\" data-element_type=\"widget\" data-e-type=\"widget\" data-settings=\"{&quot;_animation_mobile&quot;:&quot;none&quot;}\" data-widget_type=\"heading.default\">\n\t\t\t\t<div class=\"elementor-widget-container\">\n\t\t\t\t\t<h2 class=\"elementor-heading-title elementor-size-default\">Ein station\u00e4res Assistenzsystem, das gedruckte Texte und Objekte stark vergr\u00f6\u00dfert und komfortabel lesbar macht.<\/h2>\t\t\t\t<\/div>\n\t\t\t\t<\/div>\n\t\t\t\t<div class=\"elementor-element elementor-element-79cc296 elementor-widget elementor-widget-spacer\" data-id=\"79cc296\" data-element_type=\"widget\" data-e-type=\"widget\" data-widget_type=\"spacer.default\">\n\t\t\t\t<div class=\"elementor-widget-container\">\n\t\t\t\t\t\t\t<div class=\"elementor-spacer\">\n\t\t\t<div class=\"elementor-spacer-inner\"><\/div>\n\t\t<\/div>\n\t\t\t\t\t\t<\/div>\n\t\t\t\t<\/div>\n\t\t\t\t<div class=\"elementor-element elementor-element-60757b0 elementor-widget elementor-widget-spacer\" data-id=\"60757b0\" data-element_type=\"widget\" data-e-type=\"widget\" data-widget_type=\"spacer.default\">\n\t\t\t\t<div class=\"elementor-widget-container\">\n\t\t\t\t\t\t\t<div class=\"elementor-spacer\">\n\t\t\t<div class=\"elementor-spacer-inner\"><\/div>\n\t\t<\/div>\n\t\t\t\t\t\t<\/div>\n\t\t\t\t<\/div>\n\t\t\t\t<div class=\"elementor-element elementor-element-67ac1f7 elementor-widget elementor-widget-text-editor\" data-id=\"67ac1f7\" data-element_type=\"widget\" data-e-type=\"widget\" data-widget_type=\"text-editor.default\">\n\t\t\t\t<div class=\"elementor-widget-container\">\n\t\t\t\t\t\t\t\t\t<p data-start=\"848\" data-end=\"1090\"><span style=\"text-decoration: underline;\"><strong data-start=\"848\" data-end=\"862\">Herausforderung<\/strong><br data-start=\"1833\" data-end=\"1836\" \/><\/span>Hohe Funktionsdichte, komplexe Mechanik und robuste Konstruktion \u2013 bei einer Zielgruppe mit oft geringer Technikaffinit\u00e4t. Das Ger\u00e4t sollte leistungsf\u00e4hig sein, im Gebrauch aber ruhig, verst\u00e4ndlich und vertrauensw\u00fcrdig wirken.<\/p><p data-start=\"848\" data-end=\"1090\"><span style=\"text-decoration: underline;\"><strong>Gestaltung<\/strong><\/span><br data-start=\"862\" data-end=\"865\" \/>Klare Bedienhierarchie, visuelle Beruhigung technischer Elemente und eine gef\u00fchrte Klappmechanik f\u00fcr die flexible Positionierung der Kamera. Die Konstruktion wurde so strukturiert, dass die technische Komplexit\u00e4t im Hintergrund bleibt und die Nutzung im Vordergrund steht.<\/p><p data-start=\"1092\" data-end=\"1233\"><span style=\"text-decoration: underline;\"><strong data-start=\"1092\" data-end=\"1104\">Wirkung<\/strong><\/span><br data-start=\"1104\" data-end=\"1107\" \/>Ein robustes, intuitiv nutzbares Lesesystem, das hohe Funktionalit\u00e4t mit einem einfachen, sicheren Nutzungserlebnis verbindet. Gef\u00fchrte Klappmechanik, visuelle Beruhigung technischer Elemente, klare Bedienhierarchie, kompakt faltbar..<\/p>\t\t\t\t\t\t\t\t<\/div>\n\t\t\t\t<\/div>\n\t\t\t\t<div class=\"elementor-element elementor-element-b0a8e8a elementor-widget elementor-widget-spacer\" data-id=\"b0a8e8a\" data-element_type=\"widget\" data-e-type=\"widget\" data-widget_type=\"spacer.default\">\n\t\t\t\t<div class=\"elementor-widget-container\">\n\t\t\t\t\t\t\t<div class=\"elementor-spacer\">\n\t\t\t<div class=\"elementor-spacer-inner\"><\/div>\n\t\t<\/div>\n\t\t\t\t\t\t<\/div>\n\t\t\t\t<\/div>\n\t\t\t\t<\/div>\n\t\t<div class=\"elementor-element elementor-element-8c93751 e-con-full elementor-hidden-tablet elementor-hidden-mobile hero-left-bottom e-flex e-con e-child\" data-id=\"8c93751\" data-element_type=\"container\" data-e-type=\"container\">\n\t\t\t\t<div class=\"elementor-element elementor-element-adc4f72 elementor-widget-mobile__width-initial elementor-widget elementor-widget-button\" data-id=\"adc4f72\" data-element_type=\"widget\" data-e-type=\"widget\" data-widget_type=\"button.default\">\n\t\t\t\t<div class=\"elementor-widget-container\">\n\t\t\t\t\t\t\t\t\t<div class=\"elementor-button-wrapper\">\n\t\t\t\t\t<a class=\"elementor-button elementor-button-link elementor-size-sm\" href=\"\/fallbeispielegrid\/\">\n\t\t\t\t\t\t<span class=\"elementor-button-content-wrapper\">\n\t\t\t\t\t\t\t\t\t<span class=\"elementor-button-text\">Zur\u00fcck<\/span>\n\t\t\t\t\t<\/span>\n\t\t\t\t\t<\/a>\n\t\t\t\t<\/div>\n\t\t\t\t\t\t\t\t<\/div>\n\t\t\t\t<\/div>\n\t\t\t\t<\/div>\n\t\t\t\t<div class=\"elementor-element elementor-element-b777bd4 elementor-widget elementor-widget-spacer\" data-id=\"b777bd4\" data-element_type=\"widget\" data-e-type=\"widget\" data-widget_type=\"spacer.default\">\n\t\t\t\t<div class=\"elementor-widget-container\">\n\t\t\t\t\t\t\t<div class=\"elementor-spacer\">\n\t\t\t<div class=\"elementor-spacer-inner\"><\/div>\n\t\t<\/div>\n\t\t\t\t\t\t<\/div>\n\t\t\t\t<\/div>\n\t\t\t\t<\/div>\n\t\t<div class=\"elementor-element elementor-element-998bb7c e-con-full e-flex e-con e-child\" data-id=\"998bb7c\" data-element_type=\"container\" data-e-type=\"container\" data-settings=\"{&quot;background_background&quot;:&quot;classic&quot;}\">\n\t\t\t\t<\/div>\n\t\t\t\t<\/div>\n\t\t\t\t<\/div>\n\t\t<div class=\"elementor-element elementor-element-be28dfa e-con-full elementor-hidden-desktop e-flex e-con e-parent\" data-id=\"be28dfa\" data-element_type=\"container\" data-e-type=\"container\" data-settings=\"{&quot;background_background&quot;:&quot;classic&quot;,&quot;animation&quot;:&quot;none&quot;}\">\n\t\t<div class=\"elementor-element elementor-element-d2abc78 e-con-full e-flex e-con e-child\" data-id=\"d2abc78\" data-element_type=\"container\" data-e-type=\"container\">\n\t\t<div class=\"elementor-element elementor-element-a0de6ae e-con-full e-flex e-con e-child\" data-id=\"a0de6ae\" data-element_type=\"container\" data-e-type=\"container\">\n\t\t<div class=\"elementor-element elementor-element-8a946e7 e-con-full hero-left-top e-flex e-con e-child\" data-id=\"8a946e7\" data-element_type=\"container\" data-e-type=\"container\">\n\t\t\t\t<div class=\"elementor-element elementor-element-5fead1e elementor-widget elementor-widget-heading\" data-id=\"5fead1e\" data-element_type=\"widget\" data-e-type=\"widget\" data-settings=\"{&quot;_animation_mobile&quot;:&quot;none&quot;}\" data-widget_type=\"heading.default\">\n\t\t\t\t<div class=\"elementor-widget-container\">\n\t\t\t\t\t<h2 class=\"elementor-heading-title elementor-size-default\"><strong>[d]tom<\/strong> Industrial Design<\/h2>\t\t\t\t<\/div>\n\t\t\t\t<\/div>\n\t\t\t\t<div class=\"elementor-element elementor-element-99ca621 elementor-widget__width-inherit elementor-widget elementor-widget-heading\" data-id=\"99ca621\" data-element_type=\"widget\" data-e-type=\"widget\" data-settings=\"{&quot;_animation_mobile&quot;:&quot;none&quot;}\" data-widget_type=\"heading.default\">\n\t\t\t\t<div class=\"elementor-widget-container\">\n\t\t\t\t\t<h2 class=\"elementor-heading-title elementor-size-default\">02   Assistive Technology.<\/h2>\t\t\t\t<\/div>\n\t\t\t\t<\/div>\n\t\t\t\t<div class=\"elementor-element elementor-element-26925c9 elementor-hidden-tablet elementor-hidden-mobile elementor-widget elementor-widget-spacer\" data-id=\"26925c9\" data-element_type=\"widget\" data-e-type=\"widget\" data-widget_type=\"spacer.default\">\n\t\t\t\t<div class=\"elementor-widget-container\">\n\t\t\t\t\t\t\t<div class=\"elementor-spacer\">\n\t\t\t<div class=\"elementor-spacer-inner\"><\/div>\n\t\t<\/div>\n\t\t\t\t\t\t<\/div>\n\t\t\t\t<\/div>\n\t\t\t\t<div class=\"elementor-element elementor-element-3ee24db elementor-hidden-desktop elementor-widget elementor-widget-spacer\" data-id=\"3ee24db\" data-element_type=\"widget\" data-e-type=\"widget\" data-widget_type=\"spacer.default\">\n\t\t\t\t<div class=\"elementor-widget-container\">\n\t\t\t\t\t\t\t<div class=\"elementor-spacer\">\n\t\t\t<div class=\"elementor-spacer-inner\"><\/div>\n\t\t<\/div>\n\t\t\t\t\t\t<\/div>\n\t\t\t\t<\/div>\n\t\t\t\t<div class=\"elementor-element elementor-element-cf98b58 elementor-hidden-desktop elementor-widget elementor-widget-heading\" data-id=\"cf98b58\" data-element_type=\"widget\" data-e-type=\"widget\" data-settings=\"{&quot;_animation_mobile&quot;:&quot;none&quot;}\" data-widget_type=\"heading.default\">\n\t\t\t\t<div class=\"elementor-widget-container\">\n\t\t\t\t\t<h2 class=\"elementor-heading-title elementor-size-default\">ESCHENBACH vario digital FHD \u2013 Videoleseger\u00e4t f\u00fcr sehbeeintr\u00e4chtigte Anwender.<\/h2>\t\t\t\t<\/div>\n\t\t\t\t<\/div>\n\t\t\t\t<div class=\"elementor-element elementor-element-baa9528 elementor-hidden-desktop elementor-widget-divider--view-line elementor-widget elementor-widget-divider\" data-id=\"baa9528\" data-element_type=\"widget\" data-e-type=\"widget\" data-widget_type=\"divider.default\">\n\t\t\t\t<div class=\"elementor-widget-container\">\n\t\t\t\t\t\t\t<div class=\"elementor-divider\">\n\t\t\t<span class=\"elementor-divider-separator\">\n\t\t\t\t\t\t<\/span>\n\t\t<\/div>\n\t\t\t\t\t\t<\/div>\n\t\t\t\t<\/div>\n\t\t\t\t<div class=\"elementor-element elementor-element-2c69b3d elementor-widget elementor-widget-spacer\" data-id=\"2c69b3d\" data-element_type=\"widget\" data-e-type=\"widget\" data-widget_type=\"spacer.default\">\n\t\t\t\t<div class=\"elementor-widget-container\">\n\t\t\t\t\t\t\t<div class=\"elementor-spacer\">\n\t\t\t<div class=\"elementor-spacer-inner\"><\/div>\n\t\t<\/div>\n\t\t\t\t\t\t<\/div>\n\t\t\t\t<\/div>\n\t\t\t\t<div class=\"elementor-element elementor-element-2fd0516 elementor-widget elementor-widget-image\" data-id=\"2fd0516\" data-element_type=\"widget\" data-e-type=\"widget\" data-widget_type=\"image.default\">\n\t\t\t\t<div class=\"elementor-widget-container\">\n\t\t\t\t\t\t\t\t\t\t\t\t\t\t\t<img loading=\"lazy\" decoding=\"async\" width=\"768\" height=\"878\" src=\"https:\/\/d-tom.com\/wp-content\/uploads\/2026\/03\/Eschenbach-vario-digital-FHD-001-768x878.jpg\" class=\"attachment-medium_large size-medium_large wp-image-43300\" alt=\"\" srcset=\"https:\/\/d-tom.com\/wp-content\/uploads\/2026\/03\/Eschenbach-vario-digital-FHD-001-768x878.jpg 768w, https:\/\/d-tom.com\/wp-content\/uploads\/2026\/03\/Eschenbach-vario-digital-FHD-001-263x300.jpg 263w, https:\/\/d-tom.com\/wp-content\/uploads\/2026\/03\/Eschenbach-vario-digital-FHD-001-945x1080.jpg 945w, https:\/\/d-tom.com\/wp-content\/uploads\/2026\/03\/Eschenbach-vario-digital-FHD-001-11x12.jpg 11w, https:\/\/d-tom.com\/wp-content\/uploads\/2026\/03\/Eschenbach-vario-digital-FHD-001.jpg 1275w\" sizes=\"auto, (max-width: 768px) 100vw, 768px\" \/>\t\t\t\t\t\t\t\t\t\t\t\t\t\t\t<\/div>\n\t\t\t\t<\/div>\n\t\t\t\t<div class=\"elementor-element elementor-element-375648e elementor-widget elementor-widget-spacer\" data-id=\"375648e\" data-element_type=\"widget\" data-e-type=\"widget\" data-widget_type=\"spacer.default\">\n\t\t\t\t<div class=\"elementor-widget-container\">\n\t\t\t\t\t\t\t<div class=\"elementor-spacer\">\n\t\t\t<div class=\"elementor-spacer-inner\"><\/div>\n\t\t<\/div>\n\t\t\t\t\t\t<\/div>\n\t\t\t\t<\/div>\n\t\t\t\t<div class=\"elementor-element elementor-element-b9940bc elementor-widget elementor-widget-text-editor\" data-id=\"b9940bc\" data-element_type=\"widget\" data-e-type=\"widget\" data-widget_type=\"text-editor.default\">\n\t\t\t\t<div class=\"elementor-widget-container\">\n\t\t\t\t\t\t\t\t\t<p>Ein station\u00e4res Assistenzsystem, das gedruckte Texte und Objekte stark vergr\u00f6\u00dfert und komfortabel lesbar macht.<\/p>\t\t\t\t\t\t\t\t<\/div>\n\t\t\t\t<\/div>\n\t\t\t\t<div class=\"elementor-element elementor-element-217ffd8 elementor-widget elementor-widget-spacer\" data-id=\"217ffd8\" data-element_type=\"widget\" data-e-type=\"widget\" data-widget_type=\"spacer.default\">\n\t\t\t\t<div class=\"elementor-widget-container\">\n\t\t\t\t\t\t\t<div class=\"elementor-spacer\">\n\t\t\t<div class=\"elementor-spacer-inner\"><\/div>\n\t\t<\/div>\n\t\t\t\t\t\t<\/div>\n\t\t\t\t<\/div>\n\t\t\t\t<div class=\"elementor-element elementor-element-d7d5383 elementor-widget elementor-widget-text-editor\" data-id=\"d7d5383\" data-element_type=\"widget\" data-e-type=\"widget\" data-widget_type=\"text-editor.default\">\n\t\t\t\t<div class=\"elementor-widget-container\">\n\t\t\t\t\t\t\t\t\t<p data-start=\"848\" data-end=\"1090\"><span style=\"text-decoration: underline;\"><strong data-start=\"848\" data-end=\"862\">Herausforderung<\/strong><\/span><br data-start=\"1833\" data-end=\"1836\" \/>Hohe Funktionsdichte, komplexe Mechanik und robuste Konstruktion \u2013 bei einer Zielgruppe mit oft geringer Technikaffinit\u00e4t. Das Ger\u00e4t sollte leistungsf\u00e4hig sein, im Gebrauch aber ruhig, verst\u00e4ndlich und vertrauensw\u00fcrdig wirken.<\/p><p data-start=\"848\" data-end=\"1090\"><span style=\"text-decoration: underline;\"><strong>Gestaltung<\/strong><\/span><br data-start=\"862\" data-end=\"865\" \/>Klare Bedienhierarchie, visuelle Beruhigung technischer Elemente und eine gef\u00fchrte Klappmechanik f\u00fcr die flexible Positionierung der Kamera. Die Konstruktion wurde so strukturiert, dass die technische Komplexit\u00e4t im Hintergrund bleibt und die Nutzung im Vordergrund steht.<\/p><p data-start=\"1092\" data-end=\"1233\"><span style=\"text-decoration: underline;\"><strong data-start=\"1092\" data-end=\"1104\">Wirkung<\/strong><\/span><br data-start=\"1104\" data-end=\"1107\" \/>Ein robustes, intuitiv nutzbares Lesesystem, das hohe Funktionalit\u00e4t mit einem einfachen, sicheren Nutzungserlebnis verbindet. Gef\u00fchrte Klappmechanik, visuelle Beruhigung technischer Elemente, klare Bedienhierarchie, kompakt faltbar..<\/p>\t\t\t\t\t\t\t\t<\/div>\n\t\t\t\t<\/div>\n\t\t\t\t<div class=\"elementor-element elementor-element-efa8a1d elementor-widget elementor-widget-spacer\" data-id=\"efa8a1d\" data-element_type=\"widget\" data-e-type=\"widget\" data-widget_type=\"spacer.default\">\n\t\t\t\t<div class=\"elementor-widget-container\">\n\t\t\t\t\t\t\t<div class=\"elementor-spacer\">\n\t\t\t<div class=\"elementor-spacer-inner\"><\/div>\n\t\t<\/div>\n\t\t\t\t\t\t<\/div>\n\t\t\t\t<\/div>\n\t\t\t\t<div class=\"elementor-element elementor-element-2028e3a elementor-widget elementor-widget-spacer\" data-id=\"2028e3a\" data-element_type=\"widget\" data-e-type=\"widget\" data-widget_type=\"spacer.default\">\n\t\t\t\t<div class=\"elementor-widget-container\">\n\t\t\t\t\t\t\t<div class=\"elementor-spacer\">\n\t\t\t<div class=\"elementor-spacer-inner\"><\/div>\n\t\t<\/div>\n\t\t\t\t\t\t<\/div>\n\t\t\t\t<\/div>\n\t\t\t\t<\/div>\n\t\t\t\t<div class=\"elementor-element elementor-element-05157eb elementor-widget elementor-widget-spacer\" data-id=\"05157eb\" data-element_type=\"widget\" data-e-type=\"widget\" data-widget_type=\"spacer.default\">\n\t\t\t\t<div class=\"elementor-widget-container\">\n\t\t\t\t\t\t\t<div class=\"elementor-spacer\">\n\t\t\t<div class=\"elementor-spacer-inner\"><\/div>\n\t\t<\/div>\n\t\t\t\t\t\t<\/div>\n\t\t\t\t<\/div>\n\t\t<div class=\"elementor-element elementor-element-f9dbc07 e-con-full elementor-hidden-desktop e-flex e-con e-child\" data-id=\"f9dbc07\" data-element_type=\"container\" data-e-type=\"container\">\n\t\t\t\t<div class=\"elementor-element elementor-element-89e184b elementor-widget-mobile__width-initial elementor-widget elementor-widget-button\" data-id=\"89e184b\" data-element_type=\"widget\" data-e-type=\"widget\" data-widget_type=\"button.default\">\n\t\t\t\t<div class=\"elementor-widget-container\">\n\t\t\t\t\t\t\t\t\t<div class=\"elementor-button-wrapper\">\n\t\t\t\t\t<a class=\"elementor-button elementor-button-link elementor-size-sm\" href=\"\/fallbeispielegrid\/\">\n\t\t\t\t\t\t<span class=\"elementor-button-content-wrapper\">\n\t\t\t\t\t\t\t\t\t<span class=\"elementor-button-text\">zur\u00fcck<\/span>\n\t\t\t\t\t<\/span>\n\t\t\t\t\t<\/a>\n\t\t\t\t<\/div>\n\t\t\t\t\t\t\t\t<\/div>\n\t\t\t\t<\/div>\n\t\t\t\t<\/div>\n\t\t\t\t<\/div>\n\t\t\t\t<\/div>\n\t\t\t\t<\/div>\n\t\t\t\t<\/div>\n\t\t","protected":false},"excerpt":{"rendered":"<p>[d]tom Industrial Design 02 Assistive Technology. ESCHENBACH vario digital FHD \u2013 Videoleseger\u00e4t f\u00fcr sehbeeintr\u00e4chtigte Anwender. Ein station\u00e4res Assistenzsystem, das gedruckte Texte und Objekte stark vergr\u00f6\u00dfert und komfortabel lesbar macht. HerausforderungHohe Funktionsdichte, komplexe Mechanik und robuste Konstruktion \u2013 bei einer Zielgruppe mit oft geringer Technikaffinit\u00e4t. Das Ger\u00e4t sollte leistungsf\u00e4hig sein, im Gebrauch aber ruhig, verst\u00e4ndlich und [&hellip;]<\/p>\n","protected":false},"author":1,"featured_media":43345,"parent":0,"menu_order":0,"comment_status":"closed","ping_status":"closed","template":"elementor_header_footer","meta":{"footnotes":""},"class_list":["post-43508","page","type-page","status-publish","has-post-thumbnail","hentry"],"_links":{"self":[{"href":"https:\/\/d-tom.com\/en\/wp-json\/wp\/v2\/pages\/43508","targetHints":{"allow":["GET"]}}],"collection":[{"href":"https:\/\/d-tom.com\/en\/wp-json\/wp\/v2\/pages"}],"about":[{"href":"https:\/\/d-tom.com\/en\/wp-json\/wp\/v2\/types\/page"}],"author":[{"embeddable":true,"href":"https:\/\/d-tom.com\/en\/wp-json\/wp\/v2\/users\/1"}],"replies":[{"embeddable":true,"href":"https:\/\/d-tom.com\/en\/wp-json\/wp\/v2\/comments?post=43508"}],"version-history":[{"count":0,"href":"https:\/\/d-tom.com\/en\/wp-json\/wp\/v2\/pages\/43508\/revisions"}],"wp:featuredmedia":[{"embeddable":true,"href":"https:\/\/d-tom.com\/en\/wp-json\/wp\/v2\/media\/43345"}],"wp:attachment":[{"href":"https:\/\/d-tom.com\/en\/wp-json\/wp\/v2\/media?parent=43508"}],"curies":[{"name":"wp","href":"https:\/\/api.w.org\/{rel}","templated":true}]}}