{"id":43501,"date":"2026-03-04T11:57:51","date_gmt":"2026-03-04T10:57:51","guid":{"rendered":"https:\/\/d-tom.com\/?page_id=43501"},"modified":"2026-03-14T16:05:48","modified_gmt":"2026-03-14T15:05:48","slug":"01-assistive-technology","status":"publish","type":"page","link":"https:\/\/d-tom.com\/en\/01-assistive-technology\/","title":{"rendered":"01 Assistive Technology"},"content":{"rendered":"\t\t<div data-elementor-type=\"wp-page\" data-elementor-id=\"43501\" class=\"elementor elementor-43501\" data-elementor-post-type=\"page\">\n\t\t\t\t<div class=\"elementor-element elementor-element-be4b305 e-con-full elementor-hidden-tablet elementor-hidden-mobile e-flex e-con e-parent\" data-id=\"be4b305\" data-element_type=\"container\" data-e-type=\"container\" data-settings=\"{&quot;background_background&quot;:&quot;classic&quot;,&quot;animation&quot;:&quot;none&quot;}\">\n\t\t<div class=\"elementor-element elementor-element-6ac4820 e-con-full e-flex e-con e-child\" data-id=\"6ac4820\" data-element_type=\"container\" data-e-type=\"container\">\n\t\t<div class=\"elementor-element elementor-element-9b112d2 e-con-full e-flex e-con e-child\" data-id=\"9b112d2\" data-element_type=\"container\" data-e-type=\"container\">\n\t\t<div class=\"elementor-element elementor-element-34bc4f4 e-con-full hero-left-top e-flex e-con e-child\" data-id=\"34bc4f4\" data-element_type=\"container\" data-e-type=\"container\">\n\t\t\t\t<div class=\"elementor-element elementor-element-2b5b9c4 elementor-widget elementor-widget-heading\" data-id=\"2b5b9c4\" data-element_type=\"widget\" data-e-type=\"widget\" data-settings=\"{&quot;_animation_mobile&quot;:&quot;none&quot;}\" data-widget_type=\"heading.default\">\n\t\t\t\t<div class=\"elementor-widget-container\">\n\t\t\t\t\t<h2 class=\"elementor-heading-title elementor-size-default\"><strong>[d]tom<\/strong> Industrial Design<\/h2>\t\t\t\t<\/div>\n\t\t\t\t<\/div>\n\t\t\t\t<div class=\"elementor-element elementor-element-9582098 elementor-widget__width-inherit elementor-widget elementor-widget-heading\" data-id=\"9582098\" data-element_type=\"widget\" data-e-type=\"widget\" data-settings=\"{&quot;_animation_mobile&quot;:&quot;none&quot;}\" data-widget_type=\"heading.default\">\n\t\t\t\t<div class=\"elementor-widget-container\">\n\t\t\t\t\t<h2 class=\"elementor-heading-title elementor-size-default\">01   Assistive Technology.<\/h2>\t\t\t\t<\/div>\n\t\t\t\t<\/div>\n\t\t\t\t<div class=\"elementor-element elementor-element-8a0c919 elementor-widget elementor-widget-spacer\" data-id=\"8a0c919\" data-element_type=\"widget\" data-e-type=\"widget\" data-widget_type=\"spacer.default\">\n\t\t\t\t<div class=\"elementor-widget-container\">\n\t\t\t\t\t\t\t<div class=\"elementor-spacer\">\n\t\t\t<div class=\"elementor-spacer-inner\"><\/div>\n\t\t<\/div>\n\t\t\t\t\t\t<\/div>\n\t\t\t\t<\/div>\n\t\t\t\t<div class=\"elementor-element elementor-element-eedac61 elementor-widget-divider--view-line elementor-widget elementor-widget-divider\" data-id=\"eedac61\" data-element_type=\"widget\" data-e-type=\"widget\" data-widget_type=\"divider.default\">\n\t\t\t\t<div class=\"elementor-widget-container\">\n\t\t\t\t\t\t\t<div class=\"elementor-divider\">\n\t\t\t<span class=\"elementor-divider-separator\">\n\t\t\t\t\t\t<\/span>\n\t\t<\/div>\n\t\t\t\t\t\t<\/div>\n\t\t\t\t<\/div>\n\t\t\t\t<div class=\"elementor-element elementor-element-e9d515f elementor-hidden-tablet elementor-hidden-mobile elementor-widget elementor-widget-heading\" data-id=\"e9d515f\" data-element_type=\"widget\" data-e-type=\"widget\" data-settings=\"{&quot;_animation_mobile&quot;:&quot;none&quot;}\" data-widget_type=\"heading.default\">\n\t\t\t\t<div class=\"elementor-widget-container\">\n\t\t\t\t\t<h2 class=\"elementor-heading-title elementor-size-default\">ESCHENBACH optaro XL \u2013 Klappbares Kamerastandmodul f\u00fcr iPad-basierte Vergr\u00f6\u00dferung.<\/h2>\t\t\t\t<\/div>\n\t\t\t\t<\/div>\n\t\t\t\t<div class=\"elementor-element elementor-element-63b5fed elementor-widget elementor-widget-spacer\" data-id=\"63b5fed\" data-element_type=\"widget\" data-e-type=\"widget\" data-widget_type=\"spacer.default\">\n\t\t\t\t<div class=\"elementor-widget-container\">\n\t\t\t\t\t\t\t<div class=\"elementor-spacer\">\n\t\t\t<div class=\"elementor-spacer-inner\"><\/div>\n\t\t<\/div>\n\t\t\t\t\t\t<\/div>\n\t\t\t\t<\/div>\n\t\t\t\t<div class=\"elementor-element elementor-element-62eb796 elementor-hidden-tablet elementor-hidden-mobile elementor-widget elementor-widget-heading\" data-id=\"62eb796\" data-element_type=\"widget\" data-e-type=\"widget\" data-settings=\"{&quot;_animation_mobile&quot;:&quot;none&quot;}\" data-widget_type=\"heading.default\">\n\t\t\t\t<div class=\"elementor-widget-container\">\n\t\t\t\t\t<h2 class=\"elementor-heading-title elementor-size-default\">Ein mobiles Assistenzsystem, das ein handels\u00fcbliches iPad in ein vollwertiges Leseger\u00e4t verwandelt.\n\n\n<\/h2>\t\t\t\t<\/div>\n\t\t\t\t<\/div>\n\t\t\t\t<div class=\"elementor-element elementor-element-42cdcd9 elementor-widget elementor-widget-spacer\" data-id=\"42cdcd9\" data-element_type=\"widget\" data-e-type=\"widget\" data-widget_type=\"spacer.default\">\n\t\t\t\t<div class=\"elementor-widget-container\">\n\t\t\t\t\t\t\t<div class=\"elementor-spacer\">\n\t\t\t<div class=\"elementor-spacer-inner\"><\/div>\n\t\t<\/div>\n\t\t\t\t\t\t<\/div>\n\t\t\t\t<\/div>\n\t\t\t\t<div class=\"elementor-element elementor-element-8b1fdd1 elementor-widget elementor-widget-text-editor\" data-id=\"8b1fdd1\" data-element_type=\"widget\" data-e-type=\"widget\" data-widget_type=\"text-editor.default\">\n\t\t\t\t<div class=\"elementor-widget-container\">\n\t\t\t\t\t\t\t\t\t<p data-start=\"461\" data-end=\"687\"><span style=\"text-decoration: underline;\"><strong>Herausforderung<\/strong><\/span><br data-start=\"480\" data-end=\"483\" \/>Gro\u00dfe Arbeitsfl\u00e4che bei gleichzeitig kompakter Transportgeometrie, sichere Aufnahme verschiedener iPad-H\u00fcllen und eine Bedienung, die auch f\u00fcr Nutzer mit geringer Technikaffinit\u00e4t sofort verst\u00e4ndlich ist.<\/p><p data-start=\"689\" data-end=\"875\"><span style=\"text-decoration: underline;\"><strong data-start=\"689\" data-end=\"703\">Gestaltung<\/strong><\/span><br data-start=\"703\" data-end=\"706\" \/>Entwicklung einer klar gef\u00fchrten Klappmechanik mit definierten Auflage- und Fixierungspunkten f\u00fcr das iPad, hoher Standstabilit\u00e4t und freiem Arbeitsraum unter dem Ger\u00e4t. Freier Arbeitsraum unter dem Ger\u00e4t f\u00fcr handschriftliche T\u00e4tigkeiten. Eine flache, formschl\u00fcssige Transportposition.<\/p><p data-start=\"877\" data-end=\"1032\"><span style=\"text-decoration: underline;\"><strong data-start=\"417\" data-end=\"428\">Wirkung<\/strong><\/span><br data-start=\"428\" data-end=\"431\" \/>Ein strukturell klares und intuitiv nutzbares Assistenzsystem, das Mobilit\u00e4t, Standstabilit\u00e4t und verst\u00e4ndliche Handhabung zusammenf\u00fchrt. Die Technik tritt in den Hintergrund, der Nutzen im Alltag in den Vordergrund.<\/p>\t\t\t\t\t\t\t\t<\/div>\n\t\t\t\t<\/div>\n\t\t\t\t<div class=\"elementor-element elementor-element-41a77f8 elementor-widget elementor-widget-spacer\" data-id=\"41a77f8\" data-element_type=\"widget\" data-e-type=\"widget\" data-widget_type=\"spacer.default\">\n\t\t\t\t<div class=\"elementor-widget-container\">\n\t\t\t\t\t\t\t<div class=\"elementor-spacer\">\n\t\t\t<div class=\"elementor-spacer-inner\"><\/div>\n\t\t<\/div>\n\t\t\t\t\t\t<\/div>\n\t\t\t\t<\/div>\n\t\t\t\t<\/div>\n\t\t<div class=\"elementor-element elementor-element-ea1e9d3 e-con-full elementor-hidden-tablet elementor-hidden-mobile hero-left-bottom e-flex e-con e-child\" data-id=\"ea1e9d3\" data-element_type=\"container\" data-e-type=\"container\">\n\t\t\t\t<div class=\"elementor-element elementor-element-15311c2 elementor-widget-mobile__width-initial elementor-widget elementor-widget-button\" data-id=\"15311c2\" data-element_type=\"widget\" data-e-type=\"widget\" data-widget_type=\"button.default\">\n\t\t\t\t<div class=\"elementor-widget-container\">\n\t\t\t\t\t\t\t\t\t<div class=\"elementor-button-wrapper\">\n\t\t\t\t\t<a class=\"elementor-button elementor-button-link elementor-size-sm\" href=\"\/fallbeispielegrid\/\">\n\t\t\t\t\t\t<span class=\"elementor-button-content-wrapper\">\n\t\t\t\t\t\t\t\t\t<span class=\"elementor-button-text\">Zur\u00fcck<\/span>\n\t\t\t\t\t<\/span>\n\t\t\t\t\t<\/a>\n\t\t\t\t<\/div>\n\t\t\t\t\t\t\t\t<\/div>\n\t\t\t\t<\/div>\n\t\t\t\t<\/div>\n\t\t\t\t<div class=\"elementor-element elementor-element-612502b elementor-widget elementor-widget-spacer\" data-id=\"612502b\" data-element_type=\"widget\" data-e-type=\"widget\" data-widget_type=\"spacer.default\">\n\t\t\t\t<div class=\"elementor-widget-container\">\n\t\t\t\t\t\t\t<div class=\"elementor-spacer\">\n\t\t\t<div class=\"elementor-spacer-inner\"><\/div>\n\t\t<\/div>\n\t\t\t\t\t\t<\/div>\n\t\t\t\t<\/div>\n\t\t\t\t<\/div>\n\t\t<div class=\"elementor-element elementor-element-d5cda0e e-con-full e-flex e-con e-child\" data-id=\"d5cda0e\" data-element_type=\"container\" data-e-type=\"container\" data-settings=\"{&quot;background_background&quot;:&quot;classic&quot;}\">\n\t\t\t\t<\/div>\n\t\t\t\t<\/div>\n\t\t\t\t<\/div>\n\t\t<div class=\"elementor-element elementor-element-b569231 e-con-full elementor-hidden-desktop e-flex e-con e-parent\" data-id=\"b569231\" data-element_type=\"container\" data-e-type=\"container\" data-settings=\"{&quot;background_background&quot;:&quot;classic&quot;,&quot;animation&quot;:&quot;none&quot;}\">\n\t\t<div class=\"elementor-element elementor-element-c16d8dd e-con-full e-flex e-con e-child\" data-id=\"c16d8dd\" data-element_type=\"container\" data-e-type=\"container\">\n\t\t<div class=\"elementor-element elementor-element-7f3d1ba e-con-full e-flex e-con e-child\" data-id=\"7f3d1ba\" data-element_type=\"container\" data-e-type=\"container\">\n\t\t<div class=\"elementor-element elementor-element-d372605 e-con-full hero-left-top e-flex e-con e-child\" data-id=\"d372605\" data-element_type=\"container\" data-e-type=\"container\">\n\t\t\t\t<div class=\"elementor-element elementor-element-64efbd6 elementor-widget elementor-widget-heading\" data-id=\"64efbd6\" data-element_type=\"widget\" data-e-type=\"widget\" data-settings=\"{&quot;_animation_mobile&quot;:&quot;none&quot;}\" data-widget_type=\"heading.default\">\n\t\t\t\t<div class=\"elementor-widget-container\">\n\t\t\t\t\t<h2 class=\"elementor-heading-title elementor-size-default\"><strong>[d]tom<\/strong> Industrial Design<\/h2>\t\t\t\t<\/div>\n\t\t\t\t<\/div>\n\t\t\t\t<div class=\"elementor-element elementor-element-e88f4c2 elementor-widget__width-inherit elementor-widget elementor-widget-heading\" data-id=\"e88f4c2\" data-element_type=\"widget\" data-e-type=\"widget\" data-settings=\"{&quot;_animation_mobile&quot;:&quot;none&quot;}\" data-widget_type=\"heading.default\">\n\t\t\t\t<div class=\"elementor-widget-container\">\n\t\t\t\t\t<h2 class=\"elementor-heading-title elementor-size-default\">01   Assistive Technology.<\/h2>\t\t\t\t<\/div>\n\t\t\t\t<\/div>\n\t\t\t\t<div class=\"elementor-element elementor-element-52e897c elementor-hidden-tablet elementor-hidden-mobile elementor-widget elementor-widget-spacer\" data-id=\"52e897c\" data-element_type=\"widget\" data-e-type=\"widget\" data-widget_type=\"spacer.default\">\n\t\t\t\t<div class=\"elementor-widget-container\">\n\t\t\t\t\t\t\t<div class=\"elementor-spacer\">\n\t\t\t<div class=\"elementor-spacer-inner\"><\/div>\n\t\t<\/div>\n\t\t\t\t\t\t<\/div>\n\t\t\t\t<\/div>\n\t\t\t\t<div class=\"elementor-element elementor-element-bfbac5e elementor-hidden-desktop elementor-widget elementor-widget-spacer\" data-id=\"bfbac5e\" data-element_type=\"widget\" data-e-type=\"widget\" data-widget_type=\"spacer.default\">\n\t\t\t\t<div class=\"elementor-widget-container\">\n\t\t\t\t\t\t\t<div class=\"elementor-spacer\">\n\t\t\t<div class=\"elementor-spacer-inner\"><\/div>\n\t\t<\/div>\n\t\t\t\t\t\t<\/div>\n\t\t\t\t<\/div>\n\t\t\t\t<div class=\"elementor-element elementor-element-88456df elementor-hidden-desktop elementor-widget elementor-widget-heading\" data-id=\"88456df\" data-element_type=\"widget\" data-e-type=\"widget\" data-settings=\"{&quot;_animation_mobile&quot;:&quot;none&quot;}\" data-widget_type=\"heading.default\">\n\t\t\t\t<div class=\"elementor-widget-container\">\n\t\t\t\t\t<h2 class=\"elementor-heading-title elementor-size-default\">ESCHENBACH optaro XL \u2013 Klappbares Kamerastandmodul f\u00fcr iPad-basierte Vergr\u00f6\u00dferung.<\/h2>\t\t\t\t<\/div>\n\t\t\t\t<\/div>\n\t\t\t\t<div class=\"elementor-element elementor-element-b43ccd7 elementor-hidden-desktop elementor-widget-divider--view-line elementor-widget elementor-widget-divider\" data-id=\"b43ccd7\" data-element_type=\"widget\" data-e-type=\"widget\" data-widget_type=\"divider.default\">\n\t\t\t\t<div class=\"elementor-widget-container\">\n\t\t\t\t\t\t\t<div class=\"elementor-divider\">\n\t\t\t<span class=\"elementor-divider-separator\">\n\t\t\t\t\t\t<\/span>\n\t\t<\/div>\n\t\t\t\t\t\t<\/div>\n\t\t\t\t<\/div>\n\t\t\t\t<div class=\"elementor-element elementor-element-1736ae3 elementor-widget elementor-widget-spacer\" data-id=\"1736ae3\" data-element_type=\"widget\" data-e-type=\"widget\" data-widget_type=\"spacer.default\">\n\t\t\t\t<div class=\"elementor-widget-container\">\n\t\t\t\t\t\t\t<div class=\"elementor-spacer\">\n\t\t\t<div class=\"elementor-spacer-inner\"><\/div>\n\t\t<\/div>\n\t\t\t\t\t\t<\/div>\n\t\t\t\t<\/div>\n\t\t\t\t<div class=\"elementor-element elementor-element-8fa2f9f elementor-widget elementor-widget-image\" data-id=\"8fa2f9f\" data-element_type=\"widget\" data-e-type=\"widget\" data-widget_type=\"image.default\">\n\t\t\t\t<div class=\"elementor-widget-container\">\n\t\t\t\t\t\t\t\t\t\t\t\t\t\t\t<img loading=\"lazy\" decoding=\"async\" width=\"768\" height=\"878\" src=\"https:\/\/d-tom.com\/wp-content\/uploads\/2026\/03\/Optaro-XL-001-768x878.jpg\" class=\"attachment-medium_large size-medium_large wp-image-43375\" alt=\"\" srcset=\"https:\/\/d-tom.com\/wp-content\/uploads\/2026\/03\/Optaro-XL-001-768x878.jpg 768w, https:\/\/d-tom.com\/wp-content\/uploads\/2026\/03\/Optaro-XL-001-263x300.jpg 263w, https:\/\/d-tom.com\/wp-content\/uploads\/2026\/03\/Optaro-XL-001-945x1080.jpg 945w, https:\/\/d-tom.com\/wp-content\/uploads\/2026\/03\/Optaro-XL-001-11x12.jpg 11w, https:\/\/d-tom.com\/wp-content\/uploads\/2026\/03\/Optaro-XL-001.jpg 1275w\" sizes=\"auto, (max-width: 768px) 100vw, 768px\" \/>\t\t\t\t\t\t\t\t\t\t\t\t\t\t\t<\/div>\n\t\t\t\t<\/div>\n\t\t\t\t<div class=\"elementor-element elementor-element-2435859 elementor-widget elementor-widget-spacer\" data-id=\"2435859\" data-element_type=\"widget\" data-e-type=\"widget\" data-widget_type=\"spacer.default\">\n\t\t\t\t<div class=\"elementor-widget-container\">\n\t\t\t\t\t\t\t<div class=\"elementor-spacer\">\n\t\t\t<div class=\"elementor-spacer-inner\"><\/div>\n\t\t<\/div>\n\t\t\t\t\t\t<\/div>\n\t\t\t\t<\/div>\n\t\t\t\t<div class=\"elementor-element elementor-element-c32619e elementor-widget elementor-widget-text-editor\" data-id=\"c32619e\" data-element_type=\"widget\" data-e-type=\"widget\" data-widget_type=\"text-editor.default\">\n\t\t\t\t<div class=\"elementor-widget-container\">\n\t\t\t\t\t\t\t\t\t<p>Ein mobiles Assistenzsystem, das ein handels\u00fcbliches iPad in ein vollwertiges Leseger\u00e4t verwandelt.<\/p>\t\t\t\t\t\t\t\t<\/div>\n\t\t\t\t<\/div>\n\t\t\t\t<div class=\"elementor-element elementor-element-7c93876 elementor-widget elementor-widget-spacer\" data-id=\"7c93876\" data-element_type=\"widget\" data-e-type=\"widget\" data-widget_type=\"spacer.default\">\n\t\t\t\t<div class=\"elementor-widget-container\">\n\t\t\t\t\t\t\t<div class=\"elementor-spacer\">\n\t\t\t<div class=\"elementor-spacer-inner\"><\/div>\n\t\t<\/div>\n\t\t\t\t\t\t<\/div>\n\t\t\t\t<\/div>\n\t\t\t\t<div class=\"elementor-element elementor-element-877178b elementor-widget elementor-widget-text-editor\" data-id=\"877178b\" data-element_type=\"widget\" data-e-type=\"widget\" data-widget_type=\"text-editor.default\">\n\t\t\t\t<div class=\"elementor-widget-container\">\n\t\t\t\t\t\t\t\t\t<p data-start=\"461\" data-end=\"687\"><span style=\"text-decoration: underline;\"><strong>Herausforderung<\/strong><\/span><br data-start=\"480\" data-end=\"483\" \/>Gro\u00dfe Arbeitsfl\u00e4che bei gleichzeitig kompakter Transportgeometrie, sichere Aufnahme verschiedener iPad-H\u00fcllen und eine Bedienung, die auch f\u00fcr Nutzer mit geringer Technikaffinit\u00e4t sofort verst\u00e4ndlich ist.<\/p><p data-start=\"689\" data-end=\"875\"><span style=\"text-decoration: underline;\"><strong data-start=\"689\" data-end=\"703\">Gestaltung<\/strong><\/span><br data-start=\"703\" data-end=\"706\" \/>Entwicklung einer klar gef\u00fchrten Klappmechanik mit definierten Auflage- und Fixierungspunkten f\u00fcr das iPad, hoher Standstabilit\u00e4t und freiem Arbeitsraum unter dem Ger\u00e4t. Freier Arbeitsraum unter dem Ger\u00e4t f\u00fcr handschriftliche T\u00e4tigkeiten. Eine flache, formschl\u00fcssige Transportposition.<\/p><p data-start=\"877\" data-end=\"1032\"><span style=\"text-decoration: underline;\"><strong data-start=\"417\" data-end=\"428\">Wirkung<\/strong><\/span><br data-start=\"428\" data-end=\"431\" \/>Ein strukturell klares und intuitiv nutzbares Assistenzsystem, das Mobilit\u00e4t, Standstabilit\u00e4t und verst\u00e4ndliche Handhabung zusammenf\u00fchrt. Die Technik tritt in den Hintergrund, der Nutzen im Alltag in den Vordergrund.<\/p>\t\t\t\t\t\t\t\t<\/div>\n\t\t\t\t<\/div>\n\t\t\t\t<div class=\"elementor-element elementor-element-2a60792 elementor-widget elementor-widget-spacer\" data-id=\"2a60792\" data-element_type=\"widget\" data-e-type=\"widget\" data-widget_type=\"spacer.default\">\n\t\t\t\t<div class=\"elementor-widget-container\">\n\t\t\t\t\t\t\t<div class=\"elementor-spacer\">\n\t\t\t<div class=\"elementor-spacer-inner\"><\/div>\n\t\t<\/div>\n\t\t\t\t\t\t<\/div>\n\t\t\t\t<\/div>\n\t\t\t\t<div class=\"elementor-element elementor-element-febbbce elementor-widget elementor-widget-spacer\" data-id=\"febbbce\" data-element_type=\"widget\" data-e-type=\"widget\" data-widget_type=\"spacer.default\">\n\t\t\t\t<div class=\"elementor-widget-container\">\n\t\t\t\t\t\t\t<div class=\"elementor-spacer\">\n\t\t\t<div class=\"elementor-spacer-inner\"><\/div>\n\t\t<\/div>\n\t\t\t\t\t\t<\/div>\n\t\t\t\t<\/div>\n\t\t\t\t<\/div>\n\t\t\t\t<div class=\"elementor-element elementor-element-3ce683e elementor-widget elementor-widget-spacer\" data-id=\"3ce683e\" data-element_type=\"widget\" data-e-type=\"widget\" data-widget_type=\"spacer.default\">\n\t\t\t\t<div class=\"elementor-widget-container\">\n\t\t\t\t\t\t\t<div class=\"elementor-spacer\">\n\t\t\t<div class=\"elementor-spacer-inner\"><\/div>\n\t\t<\/div>\n\t\t\t\t\t\t<\/div>\n\t\t\t\t<\/div>\n\t\t<div class=\"elementor-element elementor-element-3892414 e-con-full elementor-hidden-desktop e-flex e-con e-child\" data-id=\"3892414\" data-element_type=\"container\" data-e-type=\"container\">\n\t\t\t\t<div class=\"elementor-element elementor-element-1418bb6 elementor-widget-mobile__width-initial elementor-widget elementor-widget-button\" data-id=\"1418bb6\" data-element_type=\"widget\" data-e-type=\"widget\" data-widget_type=\"button.default\">\n\t\t\t\t<div class=\"elementor-widget-container\">\n\t\t\t\t\t\t\t\t\t<div class=\"elementor-button-wrapper\">\n\t\t\t\t\t<a class=\"elementor-button elementor-button-link elementor-size-sm\" href=\"\/fallbeispielegrid\/\">\n\t\t\t\t\t\t<span class=\"elementor-button-content-wrapper\">\n\t\t\t\t\t\t\t\t\t<span class=\"elementor-button-text\">zur\u00fcck<\/span>\n\t\t\t\t\t<\/span>\n\t\t\t\t\t<\/a>\n\t\t\t\t<\/div>\n\t\t\t\t\t\t\t\t<\/div>\n\t\t\t\t<\/div>\n\t\t\t\t<\/div>\n\t\t\t\t<\/div>\n\t\t\t\t<\/div>\n\t\t\t\t<\/div>\n\t\t\t\t<\/div>\n\t\t","protected":false},"excerpt":{"rendered":"<p>[d]tom Industrial Design 01 Assistive Technology. ESCHENBACH optaro XL \u2013 Klappbares Kamerastandmodul f\u00fcr iPad-basierte Vergr\u00f6\u00dferung. Ein mobiles Assistenzsystem, das ein handels\u00fcbliches iPad in ein vollwertiges Leseger\u00e4t verwandelt. HerausforderungGro\u00dfe Arbeitsfl\u00e4che bei gleichzeitig kompakter Transportgeometrie, sichere Aufnahme verschiedener iPad-H\u00fcllen und eine Bedienung, die auch f\u00fcr Nutzer mit geringer Technikaffinit\u00e4t sofort verst\u00e4ndlich ist. GestaltungEntwicklung einer klar gef\u00fchrten Klappmechanik [&hellip;]<\/p>\n","protected":false},"author":1,"featured_media":43375,"parent":0,"menu_order":0,"comment_status":"closed","ping_status":"closed","template":"elementor_header_footer","meta":{"footnotes":""},"class_list":["post-43501","page","type-page","status-publish","has-post-thumbnail","hentry"],"_links":{"self":[{"href":"https:\/\/d-tom.com\/en\/wp-json\/wp\/v2\/pages\/43501","targetHints":{"allow":["GET"]}}],"collection":[{"href":"https:\/\/d-tom.com\/en\/wp-json\/wp\/v2\/pages"}],"about":[{"href":"https:\/\/d-tom.com\/en\/wp-json\/wp\/v2\/types\/page"}],"author":[{"embeddable":true,"href":"https:\/\/d-tom.com\/en\/wp-json\/wp\/v2\/users\/1"}],"replies":[{"embeddable":true,"href":"https:\/\/d-tom.com\/en\/wp-json\/wp\/v2\/comments?post=43501"}],"version-history":[{"count":0,"href":"https:\/\/d-tom.com\/en\/wp-json\/wp\/v2\/pages\/43501\/revisions"}],"wp:featuredmedia":[{"embeddable":true,"href":"https:\/\/d-tom.com\/en\/wp-json\/wp\/v2\/media\/43375"}],"wp:attachment":[{"href":"https:\/\/d-tom.com\/en\/wp-json\/wp\/v2\/media?parent=43501"}],"curies":[{"name":"wp","href":"https:\/\/api.w.org\/{rel}","templated":true}]}}